{"id":40524,"date":"2021-03-24T14:00:26","date_gmt":"2021-03-24T14:00:26","guid":{"rendered":"https:\/\/aviate.pt\/?post_type=product&#038;p=40524"},"modified":"2024-03-10T13:13:15","modified_gmt":"2024-03-10T13:13:15","slug":"lasanha-vegan","status":"publish","type":"product","link":"https:\/\/aviate.pt\/en\/parceiros\/lasanha-vegan\/","title":{"rendered":"Lasanha Vegan"},"content":{"rendered":"","protected":false},"excerpt":{"rendered":"<p class=\"font_4\">Legumes e p\u00e3o com azeite, alho e or\u00e9g\u00e3os<\/p>","protected":false},"featured_media":0,"template":"","meta":{"_acf_changed":false},"product_brand":[],"product_cat":[2244,2258],"product_tag":[],"class_list":{"0":"post-40524","1":"product","2":"type-product","3":"status-publish","5":"product_cat-celeiro","6":"product_cat-05-vegan","7":"product_shipping_class-peniche","9":"first","10":"instock","11":"taxable","12":"shipping-taxable","13":"purchasable","14":"product-type-simple"},"acf":[],"_links":{"self":[{"href":"https:\/\/aviate.pt\/en\/wp-json\/wp\/v2\/product\/40524","targetHints":{"allow":["GET"]}}],"collection":[{"href":"https:\/\/aviate.pt\/en\/wp-json\/wp\/v2\/product"}],"about":[{"href":"https:\/\/aviate.pt\/en\/wp-json\/wp\/v2\/types\/product"}],"wp:attachment":[{"href":"https:\/\/aviate.pt\/en\/wp-json\/wp\/v2\/media?parent=40524"}],"wp:term":[{"taxonomy":"product_brand","embeddable":true,"href":"https:\/\/aviate.pt\/en\/wp-json\/wp\/v2\/product_brand?post=40524"},{"taxonomy":"product_cat","embeddable":true,"href":"https:\/\/aviate.pt\/en\/wp-json\/wp\/v2\/product_cat?post=40524"},{"taxonomy":"product_tag","embeddable":true,"href":"https:\/\/aviate.pt\/en\/wp-json\/wp\/v2\/product_tag?post=40524"}],"curies":[{"name":"wp","href":"https:\/\/api.w.org\/{rel}","templated":true}]}}