{"id":40505,"date":"2021-03-24T13:36:24","date_gmt":"2021-03-24T13:36:24","guid":{"rendered":"https:\/\/aviate.pt\/?post_type=product&#038;p=40505"},"modified":"2025-04-01T13:03:06","modified_gmt":"2025-04-01T12:03:06","slug":"citadino","status":"publish","type":"product","link":"https:\/\/aviate.pt\/en\/parceiros\/citadino\/","title":{"rendered":"Brunch Citadino"},"content":{"rendered":"","protected":false},"excerpt":{"rendered":"<p class=\"font_4\">Ovo estrelado, bacon, torrada, feij\u00e3o encarnado e caf\u00e9, ch\u00e1 ou sumo de laranja<\/p>","protected":false},"featured_media":0,"template":"","meta":{"_acf_changed":false},"product_brand":[],"product_cat":[2244],"product_tag":[],"class_list":{"0":"post-40505","1":"product","2":"type-product","3":"status-publish","5":"product_cat-celeiro","6":"product_shipping_class-peniche","8":"first","9":"instock","10":"taxable","11":"shipping-taxable","12":"purchasable","13":"product-type-variable"},"acf":[],"_links":{"self":[{"href":"https:\/\/aviate.pt\/en\/wp-json\/wp\/v2\/product\/40505","targetHints":{"allow":["GET"]}}],"collection":[{"href":"https:\/\/aviate.pt\/en\/wp-json\/wp\/v2\/product"}],"about":[{"href":"https:\/\/aviate.pt\/en\/wp-json\/wp\/v2\/types\/product"}],"wp:attachment":[{"href":"https:\/\/aviate.pt\/en\/wp-json\/wp\/v2\/media?parent=40505"}],"wp:term":[{"taxonomy":"product_brand","embeddable":true,"href":"https:\/\/aviate.pt\/en\/wp-json\/wp\/v2\/product_brand?post=40505"},{"taxonomy":"product_cat","embeddable":true,"href":"https:\/\/aviate.pt\/en\/wp-json\/wp\/v2\/product_cat?post=40505"},{"taxonomy":"product_tag","embeddable":true,"href":"https:\/\/aviate.pt\/en\/wp-json\/wp\/v2\/product_tag?post=40505"}],"curies":[{"name":"wp","href":"https:\/\/api.w.org\/{rel}","templated":true}]}}