{"id":40492,"date":"2021-03-24T13:34:24","date_gmt":"2021-03-24T13:34:24","guid":{"rendered":"https:\/\/aviate.pt\/?post_type=product&#038;p=40492"},"modified":"2025-04-01T13:02:39","modified_gmt":"2025-04-01T12:02:39","slug":"saloio","status":"publish","type":"product","link":"https:\/\/aviate.pt\/en\/parceiros\/saloio\/","title":{"rendered":"Brunch Saloio"},"content":{"rendered":"","protected":false},"excerpt":{"rendered":"<p class=\"font_4\">Tosta de queijo e salm\u00e3o, caf\u00e9, ch\u00e1 ou sumo de laranja, ovos mexidos ou escalfados<\/p>","protected":false},"featured_media":0,"template":"","meta":{"_acf_changed":false},"product_brand":[],"product_cat":[2244],"product_tag":[],"class_list":{"0":"post-40492","1":"product","2":"type-product","3":"status-publish","5":"product_cat-celeiro","6":"product_shipping_class-peniche","8":"first","9":"instock","10":"taxable","11":"shipping-taxable","12":"purchasable","13":"product-type-variable"},"acf":[],"_links":{"self":[{"href":"https:\/\/aviate.pt\/en\/wp-json\/wp\/v2\/product\/40492","targetHints":{"allow":["GET"]}}],"collection":[{"href":"https:\/\/aviate.pt\/en\/wp-json\/wp\/v2\/product"}],"about":[{"href":"https:\/\/aviate.pt\/en\/wp-json\/wp\/v2\/types\/product"}],"wp:attachment":[{"href":"https:\/\/aviate.pt\/en\/wp-json\/wp\/v2\/media?parent=40492"}],"wp:term":[{"taxonomy":"product_brand","embeddable":true,"href":"https:\/\/aviate.pt\/en\/wp-json\/wp\/v2\/product_brand?post=40492"},{"taxonomy":"product_cat","embeddable":true,"href":"https:\/\/aviate.pt\/en\/wp-json\/wp\/v2\/product_cat?post=40492"},{"taxonomy":"product_tag","embeddable":true,"href":"https:\/\/aviate.pt\/en\/wp-json\/wp\/v2\/product_tag?post=40492"}],"curies":[{"name":"wp","href":"https:\/\/api.w.org\/{rel}","templated":true}]}}