{"id":31542,"date":"2021-02-23T14:20:42","date_gmt":"2021-02-23T14:20:42","guid":{"rendered":"https:\/\/aviate.pt\/?post_type=product&#038;p=31542"},"modified":"2026-01-26T19:45:34","modified_gmt":"2026-01-26T19:45:34","slug":"spiagia-bianca","status":"publish","type":"product","link":"https:\/\/aviate.pt\/en\/parceiros\/spiagia-bianca\/","title":{"rendered":"Spiagia Bianca"},"content":{"rendered":"","protected":false},"excerpt":{"rendered":"<p>Molho de tomate, queijo, frango, am\u00eandoas, natas, azeitonas e or\u00e9g\u00e3os<\/p>","protected":false},"featured_media":0,"template":"","meta":{"_acf_changed":false},"product_brand":[],"product_cat":[2225,2227],"product_tag":[],"class_list":{"0":"post-31542","1":"product","2":"type-product","3":"status-publish","5":"product_cat-brasilliano","6":"product_cat-02-pizzas-brasilliano","7":"product_shipping_class-peniche","9":"first","10":"instock","11":"taxable","12":"shipping-taxable","13":"purchasable","14":"product-type-variable"},"acf":[],"_links":{"self":[{"href":"https:\/\/aviate.pt\/en\/wp-json\/wp\/v2\/product\/31542","targetHints":{"allow":["GET"]}}],"collection":[{"href":"https:\/\/aviate.pt\/en\/wp-json\/wp\/v2\/product"}],"about":[{"href":"https:\/\/aviate.pt\/en\/wp-json\/wp\/v2\/types\/product"}],"wp:attachment":[{"href":"https:\/\/aviate.pt\/en\/wp-json\/wp\/v2\/media?parent=31542"}],"wp:term":[{"taxonomy":"product_brand","embeddable":true,"href":"https:\/\/aviate.pt\/en\/wp-json\/wp\/v2\/product_brand?post=31542"},{"taxonomy":"product_cat","embeddable":true,"href":"https:\/\/aviate.pt\/en\/wp-json\/wp\/v2\/product_cat?post=31542"},{"taxonomy":"product_tag","embeddable":true,"href":"https:\/\/aviate.pt\/en\/wp-json\/wp\/v2\/product_tag?post=31542"}],"curies":[{"name":"wp","href":"https:\/\/api.w.org\/{rel}","templated":true}]}}