{"id":31530,"date":"2021-02-23T14:13:56","date_gmt":"2021-02-23T14:13:56","guid":{"rendered":"https:\/\/aviate.pt\/?post_type=product&#038;p=31530"},"modified":"2026-01-26T19:43:23","modified_gmt":"2026-01-26T19:43:23","slug":"tropical-4","status":"publish","type":"product","link":"https:\/\/aviate.pt\/en\/parceiros\/tropical-4\/","title":{"rendered":"Tropical"},"content":{"rendered":"","protected":false},"excerpt":{"rendered":"<p>Molho de tomate, queijo, p\u00eassego anan\u00e1s, banana e or\u00e9g\u00e3os<\/p>","protected":false},"featured_media":45083,"template":"","meta":{"_acf_changed":false},"product_brand":[],"product_cat":[2225,2227],"product_tag":[],"class_list":{"0":"post-31530","1":"product","2":"type-product","3":"status-publish","4":"has-post-thumbnail","6":"product_cat-brasilliano","7":"product_cat-02-pizzas-brasilliano","8":"product_shipping_class-peniche","10":"first","11":"instock","12":"taxable","13":"shipping-taxable","14":"purchasable","15":"product-type-variable"},"acf":[],"_links":{"self":[{"href":"https:\/\/aviate.pt\/en\/wp-json\/wp\/v2\/product\/31530","targetHints":{"allow":["GET"]}}],"collection":[{"href":"https:\/\/aviate.pt\/en\/wp-json\/wp\/v2\/product"}],"about":[{"href":"https:\/\/aviate.pt\/en\/wp-json\/wp\/v2\/types\/product"}],"wp:featuredmedia":[{"embeddable":true,"href":"https:\/\/aviate.pt\/en\/wp-json\/wp\/v2\/media\/45083"}],"wp:attachment":[{"href":"https:\/\/aviate.pt\/en\/wp-json\/wp\/v2\/media?parent=31530"}],"wp:term":[{"taxonomy":"product_brand","embeddable":true,"href":"https:\/\/aviate.pt\/en\/wp-json\/wp\/v2\/product_brand?post=31530"},{"taxonomy":"product_cat","embeddable":true,"href":"https:\/\/aviate.pt\/en\/wp-json\/wp\/v2\/product_cat?post=31530"},{"taxonomy":"product_tag","embeddable":true,"href":"https:\/\/aviate.pt\/en\/wp-json\/wp\/v2\/product_tag?post=31530"}],"curies":[{"name":"wp","href":"https:\/\/api.w.org\/{rel}","templated":true}]}}