{"id":269743,"date":"2026-03-25T13:18:43","date_gmt":"2026-03-25T13:18:43","guid":{"rendered":"https:\/\/aviate.pt\/?post_type=product&#038;p=269743"},"modified":"2026-04-10T19:12:00","modified_gmt":"2026-04-10T18:12:00","slug":"file-de-dourada","status":"publish","type":"product","link":"https:\/\/aviate.pt\/en\/parceiros\/file-de-dourada\/","title":{"rendered":"Fil\u00e9 de Dourada"},"content":{"rendered":"","protected":false},"excerpt":{"rendered":"<p>Servido com feij\u00e3o verde, alho, pasta de piment\u00e3o vermelho e batata doce<\/p>","protected":false},"featured_media":269782,"template":"","meta":{"_acf_changed":false},"product_brand":[],"product_cat":[2720,2717],"product_tag":[],"class_list":{"0":"post-269743","1":"product","2":"type-product","3":"status-publish","4":"has-post-thumbnail","6":"product_cat-03-principais-washed-up-restaurant","7":"product_cat-washed-up-restaurant","8":"product_shipping_class-ferrel","10":"first","11":"instock","12":"taxable","13":"shipping-taxable","14":"purchasable","15":"product-type-simple"},"acf":[],"_links":{"self":[{"href":"https:\/\/aviate.pt\/en\/wp-json\/wp\/v2\/product\/269743","targetHints":{"allow":["GET"]}}],"collection":[{"href":"https:\/\/aviate.pt\/en\/wp-json\/wp\/v2\/product"}],"about":[{"href":"https:\/\/aviate.pt\/en\/wp-json\/wp\/v2\/types\/product"}],"wp:featuredmedia":[{"embeddable":true,"href":"https:\/\/aviate.pt\/en\/wp-json\/wp\/v2\/media\/269782"}],"wp:attachment":[{"href":"https:\/\/aviate.pt\/en\/wp-json\/wp\/v2\/media?parent=269743"}],"wp:term":[{"taxonomy":"product_brand","embeddable":true,"href":"https:\/\/aviate.pt\/en\/wp-json\/wp\/v2\/product_brand?post=269743"},{"taxonomy":"product_cat","embeddable":true,"href":"https:\/\/aviate.pt\/en\/wp-json\/wp\/v2\/product_cat?post=269743"},{"taxonomy":"product_tag","embeddable":true,"href":"https:\/\/aviate.pt\/en\/wp-json\/wp\/v2\/product_tag?post=269743"}],"curies":[{"name":"wp","href":"https:\/\/api.w.org\/{rel}","templated":true}]}}