{"id":269740,"date":"2026-03-25T13:17:36","date_gmt":"2026-03-25T13:17:36","guid":{"rendered":"https:\/\/aviate.pt\/?post_type=product&#038;p=269740"},"modified":"2026-04-10T13:20:47","modified_gmt":"2026-04-10T12:20:47","slug":"tartar-de-atum","status":"publish","type":"product","link":"https:\/\/aviate.pt\/en\/parceiros\/tartar-de-atum\/","title":{"rendered":"Tartar de Atum"},"content":{"rendered":"","protected":false},"excerpt":{"rendered":"<p>Com atum, manga, abacate, cebola roxa, coentros, \u00f3leo de s\u00e9samo, sumo de lim\u00e3o e o nosso vinagrete de coco<\/p>","protected":false},"featured_media":269780,"template":"","meta":{"_acf_changed":false},"product_brand":[],"product_cat":[2719,2717],"product_tag":[],"class_list":{"0":"post-269740","1":"product","2":"type-product","3":"status-publish","4":"has-post-thumbnail","6":"product_cat-02-entradas-washed-up-restaurant","7":"product_cat-washed-up-restaurant","8":"product_shipping_class-ferrel","10":"first","11":"instock","12":"taxable","13":"shipping-taxable","14":"purchasable","15":"product-type-simple"},"acf":[],"_links":{"self":[{"href":"https:\/\/aviate.pt\/en\/wp-json\/wp\/v2\/product\/269740","targetHints":{"allow":["GET"]}}],"collection":[{"href":"https:\/\/aviate.pt\/en\/wp-json\/wp\/v2\/product"}],"about":[{"href":"https:\/\/aviate.pt\/en\/wp-json\/wp\/v2\/types\/product"}],"wp:featuredmedia":[{"embeddable":true,"href":"https:\/\/aviate.pt\/en\/wp-json\/wp\/v2\/media\/269780"}],"wp:attachment":[{"href":"https:\/\/aviate.pt\/en\/wp-json\/wp\/v2\/media?parent=269740"}],"wp:term":[{"taxonomy":"product_brand","embeddable":true,"href":"https:\/\/aviate.pt\/en\/wp-json\/wp\/v2\/product_brand?post=269740"},{"taxonomy":"product_cat","embeddable":true,"href":"https:\/\/aviate.pt\/en\/wp-json\/wp\/v2\/product_cat?post=269740"},{"taxonomy":"product_tag","embeddable":true,"href":"https:\/\/aviate.pt\/en\/wp-json\/wp\/v2\/product_tag?post=269740"}],"curies":[{"name":"wp","href":"https:\/\/api.w.org\/{rel}","templated":true}]}}