{"id":268670,"date":"2026-03-10T11:57:21","date_gmt":"2026-03-10T11:57:21","guid":{"rendered":"https:\/\/aviate.pt\/?post_type=product&#038;p=268670"},"modified":"2026-04-08T12:16:03","modified_gmt":"2026-04-08T11:16:03","slug":"pao-pita-e-molhos","status":"publish","type":"product","link":"https:\/\/aviate.pt\/en\/parceiros\/pao-pita-e-molhos\/","title":{"rendered":"P\u00e3o Pita"},"content":{"rendered":"","protected":false},"excerpt":{"rendered":"<p>P\u00e3o pita servido com h\u00famus, tzatziki e azeitonas<\/p>","protected":false},"featured_media":270519,"template":"","meta":{"_acf_changed":false},"product_brand":[],"product_cat":[2692,2691],"product_tag":[],"class_list":{"0":"post-268670","1":"product","2":"type-product","3":"status-publish","4":"has-post-thumbnail","6":"product_cat-01-petiscos-simis","7":"product_cat-simis","8":"product_shipping_class-ferrel","10":"first","11":"instock","12":"taxable","13":"shipping-taxable","14":"purchasable","15":"product-type-simple"},"acf":[],"_links":{"self":[{"href":"https:\/\/aviate.pt\/en\/wp-json\/wp\/v2\/product\/268670","targetHints":{"allow":["GET"]}}],"collection":[{"href":"https:\/\/aviate.pt\/en\/wp-json\/wp\/v2\/product"}],"about":[{"href":"https:\/\/aviate.pt\/en\/wp-json\/wp\/v2\/types\/product"}],"wp:featuredmedia":[{"embeddable":true,"href":"https:\/\/aviate.pt\/en\/wp-json\/wp\/v2\/media\/270519"}],"wp:attachment":[{"href":"https:\/\/aviate.pt\/en\/wp-json\/wp\/v2\/media?parent=268670"}],"wp:term":[{"taxonomy":"product_brand","embeddable":true,"href":"https:\/\/aviate.pt\/en\/wp-json\/wp\/v2\/product_brand?post=268670"},{"taxonomy":"product_cat","embeddable":true,"href":"https:\/\/aviate.pt\/en\/wp-json\/wp\/v2\/product_cat?post=268670"},{"taxonomy":"product_tag","embeddable":true,"href":"https:\/\/aviate.pt\/en\/wp-json\/wp\/v2\/product_tag?post=268670"}],"curies":[{"name":"wp","href":"https:\/\/api.w.org\/{rel}","templated":true}]}}