{"id":255718,"date":"2025-07-22T18:11:30","date_gmt":"2025-07-22T17:11:30","guid":{"rendered":"https:\/\/aviate.pt\/?post_type=product&#038;p=255718"},"modified":"2025-07-22T18:12:05","modified_gmt":"2025-07-22T17:12:05","slug":"tiramisu-de-cha-verde","status":"publish","type":"product","link":"https:\/\/aviate.pt\/en\/parceiros\/tiramisu-de-cha-verde\/","title":{"rendered":"Tiramis\u00fa de Ch\u00e3 Verde"},"content":{"rendered":"","protected":false},"excerpt":{"rendered":"<p>Semi frio com base de tiramis\u00fa, recheio de p\u00e3o de l\u00f3 com creme de ch\u00e3 verde e coberto de chocolate<\/p>","protected":false},"featured_media":0,"template":"","meta":{"_acf_changed":false},"product_brand":[],"product_cat":[2652,2670],"product_tag":[],"class_list":{"0":"post-255718","1":"product","2":"type-product","3":"status-publish","5":"product_cat-yukimura","6":"product_cat-12-sobremesas-yukimura","7":"product_shipping_class-ferrel","9":"first","10":"instock","11":"taxable","12":"shipping-taxable","13":"purchasable","14":"product-type-simple"},"acf":[],"_links":{"self":[{"href":"https:\/\/aviate.pt\/en\/wp-json\/wp\/v2\/product\/255718","targetHints":{"allow":["GET"]}}],"collection":[{"href":"https:\/\/aviate.pt\/en\/wp-json\/wp\/v2\/product"}],"about":[{"href":"https:\/\/aviate.pt\/en\/wp-json\/wp\/v2\/types\/product"}],"wp:attachment":[{"href":"https:\/\/aviate.pt\/en\/wp-json\/wp\/v2\/media?parent=255718"}],"wp:term":[{"taxonomy":"product_brand","embeddable":true,"href":"https:\/\/aviate.pt\/en\/wp-json\/wp\/v2\/product_brand?post=255718"},{"taxonomy":"product_cat","embeddable":true,"href":"https:\/\/aviate.pt\/en\/wp-json\/wp\/v2\/product_cat?post=255718"},{"taxonomy":"product_tag","embeddable":true,"href":"https:\/\/aviate.pt\/en\/wp-json\/wp\/v2\/product_tag?post=255718"}],"curies":[{"name":"wp","href":"https:\/\/api.w.org\/{rel}","templated":true}]}}