{"id":255714,"date":"2025-07-22T18:08:18","date_gmt":"2025-07-22T17:08:18","guid":{"rendered":"https:\/\/aviate.pt\/?post_type=product&#038;p=255714"},"modified":"2025-07-22T18:11:13","modified_gmt":"2025-07-22T17:11:13","slug":"tempura-ice-cream","status":"publish","type":"product","link":"https:\/\/aviate.pt\/en\/parceiros\/tempura-ice-cream\/","title":{"rendered":"Tempura Ice Cream"},"content":{"rendered":"","protected":false},"excerpt":{"rendered":"<p>Gelado frito em farinha pank\u00f3. Op\u00e7\u00e3o: chocolate, baunilha ou misto<\/p>","protected":false},"featured_media":0,"template":"","meta":{"_acf_changed":false},"product_brand":[],"product_cat":[2652,2670],"product_tag":[],"class_list":{"0":"post-255714","1":"product","2":"type-product","3":"status-publish","5":"product_cat-yukimura","6":"product_cat-12-sobremesas-yukimura","7":"product_shipping_class-ferrel","9":"first","10":"instock","11":"taxable","12":"shipping-taxable","13":"purchasable","14":"product-type-variable"},"acf":[],"_links":{"self":[{"href":"https:\/\/aviate.pt\/en\/wp-json\/wp\/v2\/product\/255714","targetHints":{"allow":["GET"]}}],"collection":[{"href":"https:\/\/aviate.pt\/en\/wp-json\/wp\/v2\/product"}],"about":[{"href":"https:\/\/aviate.pt\/en\/wp-json\/wp\/v2\/types\/product"}],"wp:attachment":[{"href":"https:\/\/aviate.pt\/en\/wp-json\/wp\/v2\/media?parent=255714"}],"wp:term":[{"taxonomy":"product_brand","embeddable":true,"href":"https:\/\/aviate.pt\/en\/wp-json\/wp\/v2\/product_brand?post=255714"},{"taxonomy":"product_cat","embeddable":true,"href":"https:\/\/aviate.pt\/en\/wp-json\/wp\/v2\/product_cat?post=255714"},{"taxonomy":"product_tag","embeddable":true,"href":"https:\/\/aviate.pt\/en\/wp-json\/wp\/v2\/product_tag?post=255714"}],"curies":[{"name":"wp","href":"https:\/\/api.w.org\/{rel}","templated":true}]}}