{"id":255506,"date":"2025-07-18T19:02:26","date_gmt":"2025-07-18T18:02:26","guid":{"rendered":"https:\/\/aviate.pt\/?post_type=product&#038;p=255506"},"modified":"2025-07-18T19:02:53","modified_gmt":"2025-07-18T18:02:53","slug":"maguro-tataki-8-pecas","status":"publish","type":"product","link":"https:\/\/aviate.pt\/en\/parceiros\/maguro-tataki-8-pecas\/","title":{"rendered":"Maguro Tataki (8 pe\u00e7as)"},"content":{"rendered":"","protected":false},"excerpt":{"rendered":"<p>Atum braseado com sementes de s\u00e9samo e alho franc\u00eas<\/p>","protected":false},"featured_media":0,"template":"","meta":{"_acf_changed":false},"product_brand":[],"product_cat":[2652,2667],"product_tag":[],"class_list":{"0":"post-255506","1":"product","2":"type-product","3":"status-publish","5":"product_cat-yukimura","6":"product_cat-09-shashimi-yukimura","7":"product_shipping_class-ferrel","9":"first","10":"instock","11":"taxable","12":"shipping-taxable","13":"purchasable","14":"product-type-simple"},"acf":[],"_links":{"self":[{"href":"https:\/\/aviate.pt\/en\/wp-json\/wp\/v2\/product\/255506","targetHints":{"allow":["GET"]}}],"collection":[{"href":"https:\/\/aviate.pt\/en\/wp-json\/wp\/v2\/product"}],"about":[{"href":"https:\/\/aviate.pt\/en\/wp-json\/wp\/v2\/types\/product"}],"wp:attachment":[{"href":"https:\/\/aviate.pt\/en\/wp-json\/wp\/v2\/media?parent=255506"}],"wp:term":[{"taxonomy":"product_brand","embeddable":true,"href":"https:\/\/aviate.pt\/en\/wp-json\/wp\/v2\/product_brand?post=255506"},{"taxonomy":"product_cat","embeddable":true,"href":"https:\/\/aviate.pt\/en\/wp-json\/wp\/v2\/product_cat?post=255506"},{"taxonomy":"product_tag","embeddable":true,"href":"https:\/\/aviate.pt\/en\/wp-json\/wp\/v2\/product_tag?post=255506"}],"curies":[{"name":"wp","href":"https:\/\/api.w.org\/{rel}","templated":true}]}}