{"id":255497,"date":"2025-07-18T18:47:19","date_gmt":"2025-07-18T17:47:19","guid":{"rendered":"https:\/\/aviate.pt\/?post_type=product&#038;p=255497"},"modified":"2025-07-23T18:59:02","modified_gmt":"2025-07-23T17:59:02","slug":"hot-roll-yukimura-6-pecas","status":"publish","type":"product","link":"https:\/\/aviate.pt\/en\/parceiros\/hot-roll-yukimura-6-pecas\/","title":{"rendered":"Hot Roll Yukimura (6 pe\u00e7as)"},"content":{"rendered":"","protected":false},"excerpt":{"rendered":"<p>Rolo de tempura com salm\u00e3o, camar\u00e3o, queijo cremoso, alho franc\u00eas e ovas tobiko<\/p>","protected":false},"featured_media":255832,"template":"","meta":{"_acf_changed":false},"product_brand":[],"product_cat":[2652,2666],"product_tag":[],"class_list":{"0":"post-255497","1":"product","2":"type-product","3":"status-publish","4":"has-post-thumbnail","6":"product_cat-yukimura","7":"product_cat-08-hot-rolls-yukimura","8":"product_shipping_class-ferrel","10":"first","11":"instock","12":"taxable","13":"shipping-taxable","14":"purchasable","15":"product-type-simple"},"acf":[],"_links":{"self":[{"href":"https:\/\/aviate.pt\/en\/wp-json\/wp\/v2\/product\/255497","targetHints":{"allow":["GET"]}}],"collection":[{"href":"https:\/\/aviate.pt\/en\/wp-json\/wp\/v2\/product"}],"about":[{"href":"https:\/\/aviate.pt\/en\/wp-json\/wp\/v2\/types\/product"}],"wp:featuredmedia":[{"embeddable":true,"href":"https:\/\/aviate.pt\/en\/wp-json\/wp\/v2\/media\/255832"}],"wp:attachment":[{"href":"https:\/\/aviate.pt\/en\/wp-json\/wp\/v2\/media?parent=255497"}],"wp:term":[{"taxonomy":"product_brand","embeddable":true,"href":"https:\/\/aviate.pt\/en\/wp-json\/wp\/v2\/product_brand?post=255497"},{"taxonomy":"product_cat","embeddable":true,"href":"https:\/\/aviate.pt\/en\/wp-json\/wp\/v2\/product_cat?post=255497"},{"taxonomy":"product_tag","embeddable":true,"href":"https:\/\/aviate.pt\/en\/wp-json\/wp\/v2\/product_tag?post=255497"}],"curies":[{"name":"wp","href":"https:\/\/api.w.org\/{rel}","templated":true}]}}