{"id":255492,"date":"2025-07-18T18:41:04","date_gmt":"2025-07-18T17:41:04","guid":{"rendered":"https:\/\/aviate.pt\/?post_type=product&#038;p=255492"},"modified":"2025-07-18T18:41:31","modified_gmt":"2025-07-18T17:41:31","slug":"eby-fry-roll-8-pecas","status":"publish","type":"product","link":"https:\/\/aviate.pt\/en\/parceiros\/eby-fry-roll-8-pecas\/","title":{"rendered":"Eby Fry Roll ( 8 pe\u00e7as)"},"content":{"rendered":"","protected":false},"excerpt":{"rendered":"<p>Sushi de arroz por fora com camar\u00e3o tempura e maionese japonesa, coberto com salm\u00e3o braseado e molho teriaki<\/p>","protected":false},"featured_media":0,"template":"","meta":{"_acf_changed":false},"product_brand":[],"product_cat":[2652,2665],"product_tag":[],"class_list":{"0":"post-255492","1":"product","2":"type-product","3":"status-publish","5":"product_cat-yukimura","6":"product_cat-07-uramaki-yukimura","7":"product_shipping_class-ferrel","9":"first","10":"instock","11":"taxable","12":"shipping-taxable","13":"purchasable","14":"product-type-simple"},"acf":[],"_links":{"self":[{"href":"https:\/\/aviate.pt\/en\/wp-json\/wp\/v2\/product\/255492","targetHints":{"allow":["GET"]}}],"collection":[{"href":"https:\/\/aviate.pt\/en\/wp-json\/wp\/v2\/product"}],"about":[{"href":"https:\/\/aviate.pt\/en\/wp-json\/wp\/v2\/types\/product"}],"wp:attachment":[{"href":"https:\/\/aviate.pt\/en\/wp-json\/wp\/v2\/media?parent=255492"}],"wp:term":[{"taxonomy":"product_brand","embeddable":true,"href":"https:\/\/aviate.pt\/en\/wp-json\/wp\/v2\/product_brand?post=255492"},{"taxonomy":"product_cat","embeddable":true,"href":"https:\/\/aviate.pt\/en\/wp-json\/wp\/v2\/product_cat?post=255492"},{"taxonomy":"product_tag","embeddable":true,"href":"https:\/\/aviate.pt\/en\/wp-json\/wp\/v2\/product_tag?post=255492"}],"curies":[{"name":"wp","href":"https:\/\/api.w.org\/{rel}","templated":true}]}}