{"id":255487,"date":"2025-07-18T18:37:27","date_gmt":"2025-07-18T17:37:27","guid":{"rendered":"https:\/\/aviate.pt\/?post_type=product&#038;p=255487"},"modified":"2025-07-18T18:38:03","modified_gmt":"2025-07-18T17:38:03","slug":"salmon-spicy-roll-8-pecas","status":"publish","type":"product","link":"https:\/\/aviate.pt\/en\/parceiros\/salmon-spicy-roll-8-pecas\/","title":{"rendered":"Salmon Spicy Roll ( 8 pe\u00e7as)"},"content":{"rendered":"","protected":false},"excerpt":{"rendered":"<p>Sushi de arroz por fora com camar\u00e3o tempura e acabado com salm\u00e3o e molho kimuchi<\/p>","protected":false},"featured_media":0,"template":"","meta":{"_acf_changed":false},"product_brand":[],"product_cat":[2652,2665],"product_tag":[2398],"class_list":{"0":"post-255487","1":"product","2":"type-product","3":"status-publish","5":"product_cat-yukimura","6":"product_cat-07-uramaki-yukimura","7":"product_tag-spicy","8":"product_shipping_class-ferrel","10":"first","11":"instock","12":"taxable","13":"shipping-taxable","14":"purchasable","15":"product-type-simple"},"acf":[],"_links":{"self":[{"href":"https:\/\/aviate.pt\/en\/wp-json\/wp\/v2\/product\/255487","targetHints":{"allow":["GET"]}}],"collection":[{"href":"https:\/\/aviate.pt\/en\/wp-json\/wp\/v2\/product"}],"about":[{"href":"https:\/\/aviate.pt\/en\/wp-json\/wp\/v2\/types\/product"}],"wp:attachment":[{"href":"https:\/\/aviate.pt\/en\/wp-json\/wp\/v2\/media?parent=255487"}],"wp:term":[{"taxonomy":"product_brand","embeddable":true,"href":"https:\/\/aviate.pt\/en\/wp-json\/wp\/v2\/product_brand?post=255487"},{"taxonomy":"product_cat","embeddable":true,"href":"https:\/\/aviate.pt\/en\/wp-json\/wp\/v2\/product_cat?post=255487"},{"taxonomy":"product_tag","embeddable":true,"href":"https:\/\/aviate.pt\/en\/wp-json\/wp\/v2\/product_tag?post=255487"}],"curies":[{"name":"wp","href":"https:\/\/api.w.org\/{rel}","templated":true}]}}