{"id":255466,"date":"2025-07-18T18:16:31","date_gmt":"2025-07-18T17:16:31","guid":{"rendered":"https:\/\/aviate.pt\/?post_type=product&#038;p=255466"},"modified":"2025-07-18T18:17:12","modified_gmt":"2025-07-18T17:17:12","slug":"camaroes-tempura","status":"publish","type":"product","link":"https:\/\/aviate.pt\/en\/parceiros\/camaroes-tempura\/","title":{"rendered":"Camar\u00f5es Tempura"},"content":{"rendered":"","protected":false},"excerpt":{"rendered":"<p>Camar\u00f5es panados em tempura (6 pe\u00e7as)<\/p>","protected":false},"featured_media":0,"template":"","meta":{"_acf_changed":false},"product_brand":[],"product_cat":[2652,2662],"product_tag":[],"class_list":{"0":"post-255466","1":"product","2":"type-product","3":"status-publish","5":"product_cat-yukimura","6":"product_cat-04-temakis-yukimura","7":"product_shipping_class-ferrel","9":"first","10":"instock","11":"taxable","12":"shipping-taxable","13":"purchasable","14":"product-type-simple"},"acf":[],"_links":{"self":[{"href":"https:\/\/aviate.pt\/en\/wp-json\/wp\/v2\/product\/255466","targetHints":{"allow":["GET"]}}],"collection":[{"href":"https:\/\/aviate.pt\/en\/wp-json\/wp\/v2\/product"}],"about":[{"href":"https:\/\/aviate.pt\/en\/wp-json\/wp\/v2\/types\/product"}],"wp:attachment":[{"href":"https:\/\/aviate.pt\/en\/wp-json\/wp\/v2\/media?parent=255466"}],"wp:term":[{"taxonomy":"product_brand","embeddable":true,"href":"https:\/\/aviate.pt\/en\/wp-json\/wp\/v2\/product_brand?post=255466"},{"taxonomy":"product_cat","embeddable":true,"href":"https:\/\/aviate.pt\/en\/wp-json\/wp\/v2\/product_cat?post=255466"},{"taxonomy":"product_tag","embeddable":true,"href":"https:\/\/aviate.pt\/en\/wp-json\/wp\/v2\/product_tag?post=255466"}],"curies":[{"name":"wp","href":"https:\/\/api.w.org\/{rel}","templated":true}]}}