{"id":255441,"date":"2025-07-18T13:51:04","date_gmt":"2025-07-18T12:51:04","guid":{"rendered":"https:\/\/aviate.pt\/?post_type=product&#038;p=255441"},"modified":"2025-07-18T13:52:34","modified_gmt":"2025-07-18T12:52:34","slug":"carpaccio-de-salmao","status":"publish","type":"product","link":"https:\/\/aviate.pt\/en\/parceiros\/carpaccio-de-salmao\/","title":{"rendered":"Carpaccio de Salm\u00e3o"},"content":{"rendered":"","protected":false},"excerpt":{"rendered":"<p>Salm\u00e3o, alho franc\u00eas, s\u00e9samo e ovas, regado com molho de pesto e molho ponzu<\/p>","protected":false},"featured_media":0,"template":"","meta":{"_acf_changed":false},"product_brand":[],"product_cat":[2652,2659],"product_tag":[],"class_list":{"0":"post-255441","1":"product","2":"type-product","3":"status-publish","5":"product_cat-yukimura","6":"product_cat-01-entradas-yukimura","7":"product_shipping_class-ferrel","9":"first","10":"instock","11":"taxable","12":"shipping-taxable","13":"purchasable","14":"product-type-simple"},"acf":[],"_links":{"self":[{"href":"https:\/\/aviate.pt\/en\/wp-json\/wp\/v2\/product\/255441","targetHints":{"allow":["GET"]}}],"collection":[{"href":"https:\/\/aviate.pt\/en\/wp-json\/wp\/v2\/product"}],"about":[{"href":"https:\/\/aviate.pt\/en\/wp-json\/wp\/v2\/types\/product"}],"wp:attachment":[{"href":"https:\/\/aviate.pt\/en\/wp-json\/wp\/v2\/media?parent=255441"}],"wp:term":[{"taxonomy":"product_brand","embeddable":true,"href":"https:\/\/aviate.pt\/en\/wp-json\/wp\/v2\/product_brand?post=255441"},{"taxonomy":"product_cat","embeddable":true,"href":"https:\/\/aviate.pt\/en\/wp-json\/wp\/v2\/product_cat?post=255441"},{"taxonomy":"product_tag","embeddable":true,"href":"https:\/\/aviate.pt\/en\/wp-json\/wp\/v2\/product_tag?post=255441"}],"curies":[{"name":"wp","href":"https:\/\/api.w.org\/{rel}","templated":true}]}}