{"id":255408,"date":"2025-07-18T13:22:20","date_gmt":"2025-07-18T12:22:20","guid":{"rendered":"https:\/\/aviate.pt\/?post_type=product&#038;p=255408"},"modified":"2025-09-17T12:17:28","modified_gmt":"2025-09-17T11:17:28","slug":"sardines","status":"publish","type":"product","link":"https:\/\/aviate.pt\/en\/parceiros\/sardines\/","title":{"rendered":"Sardines"},"content":{"rendered":"","protected":false},"excerpt":{"rendered":"<p>Com molho de tomate, alho, sardinhas, parmes\u00e3o, ricotta, manjeric\u00e3o e r\u00facula<\/p>","protected":false},"featured_media":259425,"template":"","meta":{"_acf_changed":false},"product_brand":[],"product_cat":[2653,2656],"product_tag":[],"class_list":{"0":"post-255408","1":"product","2":"type-product","3":"status-publish","4":"has-post-thumbnail","6":"product_cat-pizzeria-do-carmo","7":"product_cat-03-pizzas-do-mar-pizzeria-do-carmo","8":"product_shipping_class-peniche","10":"first","11":"instock","12":"taxable","13":"shipping-taxable","14":"purchasable","15":"product-type-simple"},"acf":[],"_links":{"self":[{"href":"https:\/\/aviate.pt\/en\/wp-json\/wp\/v2\/product\/255408","targetHints":{"allow":["GET"]}}],"collection":[{"href":"https:\/\/aviate.pt\/en\/wp-json\/wp\/v2\/product"}],"about":[{"href":"https:\/\/aviate.pt\/en\/wp-json\/wp\/v2\/types\/product"}],"wp:featuredmedia":[{"embeddable":true,"href":"https:\/\/aviate.pt\/en\/wp-json\/wp\/v2\/media\/259425"}],"wp:attachment":[{"href":"https:\/\/aviate.pt\/en\/wp-json\/wp\/v2\/media?parent=255408"}],"wp:term":[{"taxonomy":"product_brand","embeddable":true,"href":"https:\/\/aviate.pt\/en\/wp-json\/wp\/v2\/product_brand?post=255408"},{"taxonomy":"product_cat","embeddable":true,"href":"https:\/\/aviate.pt\/en\/wp-json\/wp\/v2\/product_cat?post=255408"},{"taxonomy":"product_tag","embeddable":true,"href":"https:\/\/aviate.pt\/en\/wp-json\/wp\/v2\/product_tag?post=255408"}],"curies":[{"name":"wp","href":"https:\/\/api.w.org\/{rel}","templated":true}]}}