{"id":253876,"date":"2025-06-27T18:07:51","date_gmt":"2025-06-27T17:07:51","guid":{"rendered":"https:\/\/aviate.pt\/?post_type=product&#038;p=253876"},"modified":"2026-03-26T13:03:38","modified_gmt":"2026-03-26T13:03:38","slug":"spaghetti-frutti-di-mare","status":"publish","type":"product","link":"https:\/\/aviate.pt\/en\/parceiros\/spaghetti-frutti-di-mare\/","title":{"rendered":"Spaghetti Frutti di Mare"},"content":{"rendered":"","protected":false},"excerpt":{"rendered":"<p>Mexilh\u00e3o, Am\u00eaijoa, Calamares, Miolo de camar\u00e3o, e Molho de Alho<\/p>","protected":false},"featured_media":0,"template":"","meta":{"_acf_changed":false},"product_brand":[],"product_cat":[2361,2363],"product_tag":[],"class_list":{"0":"post-253876","1":"product","2":"type-product","3":"status-publish","5":"product_cat-il-boconne","6":"product_cat-03-pasta","7":"product_shipping_class-peniche","9":"first","10":"instock","11":"taxable","12":"shipping-taxable","13":"purchasable","14":"product-type-simple"},"acf":[],"_links":{"self":[{"href":"https:\/\/aviate.pt\/en\/wp-json\/wp\/v2\/product\/253876","targetHints":{"allow":["GET"]}}],"collection":[{"href":"https:\/\/aviate.pt\/en\/wp-json\/wp\/v2\/product"}],"about":[{"href":"https:\/\/aviate.pt\/en\/wp-json\/wp\/v2\/types\/product"}],"wp:attachment":[{"href":"https:\/\/aviate.pt\/en\/wp-json\/wp\/v2\/media?parent=253876"}],"wp:term":[{"taxonomy":"product_brand","embeddable":true,"href":"https:\/\/aviate.pt\/en\/wp-json\/wp\/v2\/product_brand?post=253876"},{"taxonomy":"product_cat","embeddable":true,"href":"https:\/\/aviate.pt\/en\/wp-json\/wp\/v2\/product_cat?post=253876"},{"taxonomy":"product_tag","embeddable":true,"href":"https:\/\/aviate.pt\/en\/wp-json\/wp\/v2\/product_tag?post=253876"}],"curies":[{"name":"wp","href":"https:\/\/api.w.org\/{rel}","templated":true}]}}