{"id":253424,"date":"2025-06-20T11:33:59","date_gmt":"2025-06-20T10:33:59","guid":{"rendered":"https:\/\/aviate.pt\/?post_type=product&#038;p=253424"},"modified":"2025-06-20T11:44:53","modified_gmt":"2025-06-20T10:44:53","slug":"taralli-pugliesi-mediterraneo","status":"publish","type":"product","link":"https:\/\/aviate.pt\/en\/parceiros\/taralli-pugliesi-mediterraneo\/","title":{"rendered":"Taralli Pugliesi Mediterr\u00e2neo"},"content":{"rendered":"","protected":false},"excerpt":{"rendered":"<p>Tomate &amp; Or\u00e9g\u00e3os<\/p>","protected":false},"featured_media":253434,"template":"","meta":{"_acf_changed":false},"product_brand":[],"product_cat":[2315,2635],"product_tag":[],"class_list":{"0":"post-253424","1":"product","2":"type-product","3":"status-publish","4":"has-post-thumbnail","6":"product_cat-piadina","7":"product_cat-06-petiscos-snacks-piadina","8":"product_shipping_class-ferrel","10":"first","11":"instock","12":"taxable","13":"shipping-taxable","14":"purchasable","15":"product-type-simple"},"acf":[],"_links":{"self":[{"href":"https:\/\/aviate.pt\/en\/wp-json\/wp\/v2\/product\/253424","targetHints":{"allow":["GET"]}}],"collection":[{"href":"https:\/\/aviate.pt\/en\/wp-json\/wp\/v2\/product"}],"about":[{"href":"https:\/\/aviate.pt\/en\/wp-json\/wp\/v2\/types\/product"}],"wp:featuredmedia":[{"embeddable":true,"href":"https:\/\/aviate.pt\/en\/wp-json\/wp\/v2\/media\/253434"}],"wp:attachment":[{"href":"https:\/\/aviate.pt\/en\/wp-json\/wp\/v2\/media?parent=253424"}],"wp:term":[{"taxonomy":"product_brand","embeddable":true,"href":"https:\/\/aviate.pt\/en\/wp-json\/wp\/v2\/product_brand?post=253424"},{"taxonomy":"product_cat","embeddable":true,"href":"https:\/\/aviate.pt\/en\/wp-json\/wp\/v2\/product_cat?post=253424"},{"taxonomy":"product_tag","embeddable":true,"href":"https:\/\/aviate.pt\/en\/wp-json\/wp\/v2\/product_tag?post=253424"}],"curies":[{"name":"wp","href":"https:\/\/api.w.org\/{rel}","templated":true}]}}