{"id":248609,"date":"2025-04-02T13:29:46","date_gmt":"2025-04-02T12:29:46","guid":{"rendered":"https:\/\/aviate.pt\/?post_type=product&#038;p=248609"},"modified":"2025-04-02T13:30:54","modified_gmt":"2025-04-02T12:30:54","slug":"avo-smash","status":"publish","type":"product","link":"https:\/\/aviate.pt\/en\/parceiros\/avo-smash\/","title":{"rendered":"Av\u00f3 Smash"},"content":{"rendered":"","protected":false},"excerpt":{"rendered":"<p>Abacate fresco, p\u00e3o de massa m\u00e3e torrado com tomate, queijo feta, pesto caseiro &amp; glace bals\u00e2mico<\/p>","protected":false},"featured_media":248610,"template":"","meta":{"_acf_changed":false},"product_brand":[],"product_cat":[2601,2602],"product_tag":[],"class_list":{"0":"post-248609","1":"product","2":"type-product","3":"status-publish","4":"has-post-thumbnail","6":"product_cat-tugos","7":"product_cat-01-brunch-tugos","8":"product_shipping_class-baleal","10":"first","11":"instock","12":"taxable","13":"shipping-taxable","14":"purchasable","15":"product-type-simple"},"acf":[],"_links":{"self":[{"href":"https:\/\/aviate.pt\/en\/wp-json\/wp\/v2\/product\/248609","targetHints":{"allow":["GET"]}}],"collection":[{"href":"https:\/\/aviate.pt\/en\/wp-json\/wp\/v2\/product"}],"about":[{"href":"https:\/\/aviate.pt\/en\/wp-json\/wp\/v2\/types\/product"}],"wp:featuredmedia":[{"embeddable":true,"href":"https:\/\/aviate.pt\/en\/wp-json\/wp\/v2\/media\/248610"}],"wp:attachment":[{"href":"https:\/\/aviate.pt\/en\/wp-json\/wp\/v2\/media?parent=248609"}],"wp:term":[{"taxonomy":"product_brand","embeddable":true,"href":"https:\/\/aviate.pt\/en\/wp-json\/wp\/v2\/product_brand?post=248609"},{"taxonomy":"product_cat","embeddable":true,"href":"https:\/\/aviate.pt\/en\/wp-json\/wp\/v2\/product_cat?post=248609"},{"taxonomy":"product_tag","embeddable":true,"href":"https:\/\/aviate.pt\/en\/wp-json\/wp\/v2\/product_tag?post=248609"}],"curies":[{"name":"wp","href":"https:\/\/api.w.org\/{rel}","templated":true}]}}