{"id":233801,"date":"2024-07-03T13:36:22","date_gmt":"2024-07-03T12:36:22","guid":{"rendered":"https:\/\/aviate.pt\/?post_type=product&#038;p=233801"},"modified":"2024-07-03T13:37:31","modified_gmt":"2024-07-03T12:37:31","slug":"pizza-atlantica","status":"publish","type":"product","link":"https:\/\/aviate.pt\/en\/parceiros\/pizza-atlantica\/","title":{"rendered":"Pizza Atl\u00e2ntica"},"content":{"rendered":"","protected":false},"excerpt":{"rendered":"<p>Base com molho carbonara, atum,anan\u00e1s, camar\u00e3o e extra camar\u00e3o<\/p>","protected":false},"featured_media":0,"template":"","meta":{"_acf_changed":false},"product_brand":[],"product_cat":[2432,2436],"product_tag":[],"class_list":{"0":"post-233801","1":"product","2":"type-product","3":"status-publish","5":"product_cat-telepizza","6":"product_cat-02-pizzas-telepizza","7":"product_shipping_class-peniche","9":"first","10":"instock","11":"taxable","12":"shipping-taxable","13":"purchasable","14":"product-type-variable"},"acf":[],"_links":{"self":[{"href":"https:\/\/aviate.pt\/en\/wp-json\/wp\/v2\/product\/233801","targetHints":{"allow":["GET"]}}],"collection":[{"href":"https:\/\/aviate.pt\/en\/wp-json\/wp\/v2\/product"}],"about":[{"href":"https:\/\/aviate.pt\/en\/wp-json\/wp\/v2\/types\/product"}],"wp:attachment":[{"href":"https:\/\/aviate.pt\/en\/wp-json\/wp\/v2\/media?parent=233801"}],"wp:term":[{"taxonomy":"product_brand","embeddable":true,"href":"https:\/\/aviate.pt\/en\/wp-json\/wp\/v2\/product_brand?post=233801"},{"taxonomy":"product_cat","embeddable":true,"href":"https:\/\/aviate.pt\/en\/wp-json\/wp\/v2\/product_cat?post=233801"},{"taxonomy":"product_tag","embeddable":true,"href":"https:\/\/aviate.pt\/en\/wp-json\/wp\/v2\/product_tag?post=233801"}],"curies":[{"name":"wp","href":"https:\/\/api.w.org\/{rel}","templated":true}]}}