{"id":232063,"date":"2024-06-04T18:58:59","date_gmt":"2024-06-04T17:58:59","guid":{"rendered":"https:\/\/aviate.pt\/?post_type=product&#038;p=232063"},"modified":"2025-06-21T11:31:01","modified_gmt":"2025-06-21T10:31:01","slug":"picanha-nobre-c-ananas","status":"publish","type":"product","link":"https:\/\/aviate.pt\/en\/parceiros\/picanha-nobre-c-ananas\/","title":{"rendered":"Picanha Nobre c\/ Anan\u00e1s"},"content":{"rendered":"","protected":false},"excerpt":{"rendered":"<p>Acompanha arroz branco, batatas fritas, feij\u00e3o e anan\u00e1s<\/p>\n<p>Dose para uma pessoa<\/p>","protected":false},"featured_media":0,"template":"","meta":{"_acf_changed":false},"product_brand":[],"product_cat":[2129,2130],"product_tag":[],"class_list":{"0":"post-232063","1":"product","2":"type-product","3":"status-publish","5":"product_cat-picanha-gaucha","6":"product_cat-01-carnes-picanha-gaucha","7":"product_shipping_class-ferrel","9":"first","10":"instock","11":"taxable","12":"shipping-taxable","13":"purchasable","14":"product-type-simple"},"acf":[],"_links":{"self":[{"href":"https:\/\/aviate.pt\/en\/wp-json\/wp\/v2\/product\/232063","targetHints":{"allow":["GET"]}}],"collection":[{"href":"https:\/\/aviate.pt\/en\/wp-json\/wp\/v2\/product"}],"about":[{"href":"https:\/\/aviate.pt\/en\/wp-json\/wp\/v2\/types\/product"}],"wp:attachment":[{"href":"https:\/\/aviate.pt\/en\/wp-json\/wp\/v2\/media?parent=232063"}],"wp:term":[{"taxonomy":"product_brand","embeddable":true,"href":"https:\/\/aviate.pt\/en\/wp-json\/wp\/v2\/product_brand?post=232063"},{"taxonomy":"product_cat","embeddable":true,"href":"https:\/\/aviate.pt\/en\/wp-json\/wp\/v2\/product_cat?post=232063"},{"taxonomy":"product_tag","embeddable":true,"href":"https:\/\/aviate.pt\/en\/wp-json\/wp\/v2\/product_tag?post=232063"}],"curies":[{"name":"wp","href":"https:\/\/api.w.org\/{rel}","templated":true}]}}