{"id":224948,"date":"2024-02-03T13:49:05","date_gmt":"2024-02-03T13:49:05","guid":{"rendered":"https:\/\/aviate.pt\/?post_type=product&#038;p=224948"},"modified":"2024-02-03T13:50:16","modified_gmt":"2024-02-03T13:50:16","slug":"hamburguer-baia","status":"publish","type":"product","link":"https:\/\/aviate.pt\/en\/parceiros\/hamburguer-baia\/","title":{"rendered":"Hamb\u00farguer Ba\u00eda"},"content":{"rendered":"","protected":false},"excerpt":{"rendered":"<p>Queijo de Cabra, nozes, mel &amp; mostarda, r\u00facula<\/p>","protected":false},"featured_media":0,"template":"","meta":{"_acf_changed":false},"product_brand":[],"product_cat":[2117,2125],"product_tag":[],"class_list":{"0":"post-224948","1":"product","2":"type-product","3":"status-publish","5":"product_cat-beas-tostas","6":"product_cat-02-hamburguer-beas-tostas","7":"product_shipping_class-ferrel","9":"first","10":"instock","11":"taxable","12":"shipping-taxable","13":"purchasable","14":"product-type-variable"},"acf":[],"_links":{"self":[{"href":"https:\/\/aviate.pt\/en\/wp-json\/wp\/v2\/product\/224948","targetHints":{"allow":["GET"]}}],"collection":[{"href":"https:\/\/aviate.pt\/en\/wp-json\/wp\/v2\/product"}],"about":[{"href":"https:\/\/aviate.pt\/en\/wp-json\/wp\/v2\/types\/product"}],"wp:attachment":[{"href":"https:\/\/aviate.pt\/en\/wp-json\/wp\/v2\/media?parent=224948"}],"wp:term":[{"taxonomy":"product_brand","embeddable":true,"href":"https:\/\/aviate.pt\/en\/wp-json\/wp\/v2\/product_brand?post=224948"},{"taxonomy":"product_cat","embeddable":true,"href":"https:\/\/aviate.pt\/en\/wp-json\/wp\/v2\/product_cat?post=224948"},{"taxonomy":"product_tag","embeddable":true,"href":"https:\/\/aviate.pt\/en\/wp-json\/wp\/v2\/product_tag?post=224948"}],"curies":[{"name":"wp","href":"https:\/\/api.w.org\/{rel}","templated":true}]}}