{"id":220896,"date":"2023-11-21T14:06:53","date_gmt":"2023-11-21T14:06:53","guid":{"rendered":"https:\/\/aviate.pt\/?post_type=product&#038;p=220896"},"modified":"2025-08-09T13:02:06","modified_gmt":"2025-08-09T12:02:06","slug":"pasta-rocket","status":"publish","type":"product","link":"https:\/\/aviate.pt\/en\/parceiros\/pasta-rocket\/","title":{"rendered":"Pasta Rocket"},"content":{"rendered":"","protected":false},"excerpt":{"rendered":"<p>Tagliatelle, pesto de r\u00facula, am\u00eandoas, parmes\u00e3o e manjeric\u00e3o<\/p>","protected":false},"featured_media":220938,"template":"","meta":{"_acf_changed":false},"product_brand":[],"product_cat":[2282,2473],"product_tag":[],"class_list":{"0":"post-220896","1":"product","2":"type-product","3":"status-publish","4":"has-post-thumbnail","6":"product_cat-funky-donkey","7":"product_cat-02-massas-funky-donkey","8":"product_shipping_class-ferrel","10":"first","11":"instock","12":"taxable","13":"shipping-taxable","14":"purchasable","15":"product-type-simple"},"acf":[],"_links":{"self":[{"href":"https:\/\/aviate.pt\/en\/wp-json\/wp\/v2\/product\/220896","targetHints":{"allow":["GET"]}}],"collection":[{"href":"https:\/\/aviate.pt\/en\/wp-json\/wp\/v2\/product"}],"about":[{"href":"https:\/\/aviate.pt\/en\/wp-json\/wp\/v2\/types\/product"}],"wp:featuredmedia":[{"embeddable":true,"href":"https:\/\/aviate.pt\/en\/wp-json\/wp\/v2\/media\/220938"}],"wp:attachment":[{"href":"https:\/\/aviate.pt\/en\/wp-json\/wp\/v2\/media?parent=220896"}],"wp:term":[{"taxonomy":"product_brand","embeddable":true,"href":"https:\/\/aviate.pt\/en\/wp-json\/wp\/v2\/product_brand?post=220896"},{"taxonomy":"product_cat","embeddable":true,"href":"https:\/\/aviate.pt\/en\/wp-json\/wp\/v2\/product_cat?post=220896"},{"taxonomy":"product_tag","embeddable":true,"href":"https:\/\/aviate.pt\/en\/wp-json\/wp\/v2\/product_tag?post=220896"}],"curies":[{"name":"wp","href":"https:\/\/api.w.org\/{rel}","templated":true}]}}