{"id":217796,"date":"2023-09-26T19:20:12","date_gmt":"2023-09-26T18:20:12","guid":{"rendered":"https:\/\/aviate.pt\/?post_type=product&#038;p=217796"},"modified":"2026-01-26T19:50:58","modified_gmt":"2026-01-26T19:50:58","slug":"totelloni-creme-de-salmao-fumado","status":"publish","type":"product","link":"https:\/\/aviate.pt\/en\/parceiros\/totelloni-creme-de-salmao-fumado\/","title":{"rendered":"Tortelloni Creme de Salm\u00e3o Fumado"},"content":{"rendered":"","protected":false},"excerpt":{"rendered":"<p>Massa com ovos com recheio de salm\u00e3o fumado requeij\u00e3o e queijo Ricotta.<\/p>\n<p>Molho com salm\u00e3o fumado, espinafre, molho Bechamel, pesto alla calabrese, mozzarella ao forno.<\/p>","protected":false},"featured_media":0,"template":"","meta":{"_acf_changed":false},"product_brand":[],"product_cat":[2225,2226],"product_tag":[],"class_list":{"0":"post-217796","1":"product","2":"type-product","3":"status-publish","5":"product_cat-brasilliano","6":"product_cat-03-massas-brasilliano","7":"product_shipping_class-peniche","9":"first","10":"instock","11":"taxable","12":"shipping-taxable","13":"purchasable","14":"product-type-simple"},"acf":[],"_links":{"self":[{"href":"https:\/\/aviate.pt\/en\/wp-json\/wp\/v2\/product\/217796","targetHints":{"allow":["GET"]}}],"collection":[{"href":"https:\/\/aviate.pt\/en\/wp-json\/wp\/v2\/product"}],"about":[{"href":"https:\/\/aviate.pt\/en\/wp-json\/wp\/v2\/types\/product"}],"wp:attachment":[{"href":"https:\/\/aviate.pt\/en\/wp-json\/wp\/v2\/media?parent=217796"}],"wp:term":[{"taxonomy":"product_brand","embeddable":true,"href":"https:\/\/aviate.pt\/en\/wp-json\/wp\/v2\/product_brand?post=217796"},{"taxonomy":"product_cat","embeddable":true,"href":"https:\/\/aviate.pt\/en\/wp-json\/wp\/v2\/product_cat?post=217796"},{"taxonomy":"product_tag","embeddable":true,"href":"https:\/\/aviate.pt\/en\/wp-json\/wp\/v2\/product_tag?post=217796"}],"curies":[{"name":"wp","href":"https:\/\/api.w.org\/{rel}","templated":true}]}}