{"id":217135,"date":"2023-09-15T12:22:26","date_gmt":"2023-09-15T11:22:26","guid":{"rendered":"https:\/\/aviate.pt\/?post_type=product&#038;p=217135"},"modified":"2025-07-22T11:46:02","modified_gmt":"2025-07-22T10:46:02","slug":"venezia","status":"publish","type":"product","link":"https:\/\/aviate.pt\/en\/parceiros\/venezia\/","title":{"rendered":"Venezia"},"content":{"rendered":"","protected":false},"excerpt":{"rendered":"<p>Tomate, Queijo, Fiambre, Camar\u00e3o, Anan\u00e1s e Oreg\u00e3os<\/p>","protected":false},"featured_media":0,"template":"","meta":{"_acf_changed":false},"product_brand":[],"product_cat":[2442,2444],"product_tag":[],"class_list":{"0":"post-217135","1":"product","2":"type-product","3":"status-publish","5":"product_cat-sr-pizza","6":"product_cat-02-pizzas-sr-pizza","7":"product_shipping_class-peniche","9":"first","10":"instock","11":"taxable","12":"shipping-taxable","13":"purchasable","14":"product-type-variable"},"acf":[],"_links":{"self":[{"href":"https:\/\/aviate.pt\/en\/wp-json\/wp\/v2\/product\/217135","targetHints":{"allow":["GET"]}}],"collection":[{"href":"https:\/\/aviate.pt\/en\/wp-json\/wp\/v2\/product"}],"about":[{"href":"https:\/\/aviate.pt\/en\/wp-json\/wp\/v2\/types\/product"}],"wp:attachment":[{"href":"https:\/\/aviate.pt\/en\/wp-json\/wp\/v2\/media?parent=217135"}],"wp:term":[{"taxonomy":"product_brand","embeddable":true,"href":"https:\/\/aviate.pt\/en\/wp-json\/wp\/v2\/product_brand?post=217135"},{"taxonomy":"product_cat","embeddable":true,"href":"https:\/\/aviate.pt\/en\/wp-json\/wp\/v2\/product_cat?post=217135"},{"taxonomy":"product_tag","embeddable":true,"href":"https:\/\/aviate.pt\/en\/wp-json\/wp\/v2\/product_tag?post=217135"}],"curies":[{"name":"wp","href":"https:\/\/api.w.org\/{rel}","templated":true}]}}