{"id":217091,"date":"2023-09-15T12:10:03","date_gmt":"2023-09-15T11:10:03","guid":{"rendered":"https:\/\/aviate.pt\/?post_type=product&#038;p=217091"},"modified":"2025-11-29T22:30:52","modified_gmt":"2025-11-29T22:30:52","slug":"4-estacoes-2","status":"publish","type":"product","link":"https:\/\/aviate.pt\/en\/parceiros\/4-estacoes-2\/","title":{"rendered":"4 Esta\u00e7\u00f5es"},"content":{"rendered":"","protected":false},"excerpt":{"rendered":"<p>Tomate, Queijo, Presunto, Cogumelos, Camar\u00e3o, Ovos e Oreg\u00e3os<\/p>","protected":false},"featured_media":0,"template":"","meta":{"_acf_changed":false},"product_brand":[],"product_cat":[2442,2444],"product_tag":[],"class_list":{"0":"post-217091","1":"product","2":"type-product","3":"status-publish","5":"product_cat-sr-pizza","6":"product_cat-02-pizzas-sr-pizza","7":"product_shipping_class-peniche","9":"first","10":"instock","11":"taxable","12":"shipping-taxable","13":"purchasable","14":"product-type-variable"},"acf":[],"_links":{"self":[{"href":"https:\/\/aviate.pt\/en\/wp-json\/wp\/v2\/product\/217091","targetHints":{"allow":["GET"]}}],"collection":[{"href":"https:\/\/aviate.pt\/en\/wp-json\/wp\/v2\/product"}],"about":[{"href":"https:\/\/aviate.pt\/en\/wp-json\/wp\/v2\/types\/product"}],"wp:attachment":[{"href":"https:\/\/aviate.pt\/en\/wp-json\/wp\/v2\/media?parent=217091"}],"wp:term":[{"taxonomy":"product_brand","embeddable":true,"href":"https:\/\/aviate.pt\/en\/wp-json\/wp\/v2\/product_brand?post=217091"},{"taxonomy":"product_cat","embeddable":true,"href":"https:\/\/aviate.pt\/en\/wp-json\/wp\/v2\/product_cat?post=217091"},{"taxonomy":"product_tag","embeddable":true,"href":"https:\/\/aviate.pt\/en\/wp-json\/wp\/v2\/product_tag?post=217091"}],"curies":[{"name":"wp","href":"https:\/\/api.w.org\/{rel}","templated":true}]}}