{"id":216147,"date":"2023-09-01T13:07:06","date_gmt":"2023-09-01T12:07:06","guid":{"rendered":"https:\/\/aviate.pt\/?post_type=product&#038;p=216147"},"modified":"2024-08-21T13:07:06","modified_gmt":"2024-08-21T12:07:06","slug":"carne-de-porco-em-baixa-temperatura","status":"publish","type":"product","link":"https:\/\/aviate.pt\/en\/parceiros\/carne-de-porco-em-baixa-temperatura\/","title":{"rendered":"Pulled Pork de Bochecha"},"content":{"rendered":"","protected":false},"excerpt":{"rendered":"<div>Redu\u00e7\u00e3o de vinho tinto, peda\u00e7os de presunto desidratado, cebolinho, pickle de couve roxa, batata frita ou pur\u00e9 de batata<\/div>","protected":false},"featured_media":228127,"template":"","meta":{"_acf_changed":false},"product_brand":[],"product_cat":[2448,2453],"product_tag":[],"class_list":{"0":"post-216147","1":"product","2":"type-product","3":"status-publish","4":"has-post-thumbnail","6":"product_cat-howm","7":"product_cat-02-brutos-howm","8":"product_shipping_class-ferrel","10":"first","11":"instock","12":"taxable","13":"shipping-taxable","14":"purchasable","15":"product-type-simple"},"acf":[],"_links":{"self":[{"href":"https:\/\/aviate.pt\/en\/wp-json\/wp\/v2\/product\/216147","targetHints":{"allow":["GET"]}}],"collection":[{"href":"https:\/\/aviate.pt\/en\/wp-json\/wp\/v2\/product"}],"about":[{"href":"https:\/\/aviate.pt\/en\/wp-json\/wp\/v2\/types\/product"}],"wp:featuredmedia":[{"embeddable":true,"href":"https:\/\/aviate.pt\/en\/wp-json\/wp\/v2\/media\/228127"}],"wp:attachment":[{"href":"https:\/\/aviate.pt\/en\/wp-json\/wp\/v2\/media?parent=216147"}],"wp:term":[{"taxonomy":"product_brand","embeddable":true,"href":"https:\/\/aviate.pt\/en\/wp-json\/wp\/v2\/product_brand?post=216147"},{"taxonomy":"product_cat","embeddable":true,"href":"https:\/\/aviate.pt\/en\/wp-json\/wp\/v2\/product_cat?post=216147"},{"taxonomy":"product_tag","embeddable":true,"href":"https:\/\/aviate.pt\/en\/wp-json\/wp\/v2\/product_tag?post=216147"}],"curies":[{"name":"wp","href":"https:\/\/api.w.org\/{rel}","templated":true}]}}