{"id":211113,"date":"2023-06-21T14:14:53","date_gmt":"2023-06-21T13:14:53","guid":{"rendered":"https:\/\/aviate.pt\/?post_type=product&#038;p=211113"},"modified":"2026-03-25T20:32:57","modified_gmt":"2026-03-25T20:32:57","slug":"salada-primavera","status":"publish","type":"product","link":"https:\/\/aviate.pt\/en\/parceiros\/salada-primavera\/","title":{"rendered":"Salada Tomate com P\u00e9rolas de Mozzarella"},"content":{"rendered":"","protected":false},"excerpt":{"rendered":"<p>P\u00e9rolas de mozzarella fresca, abacate, manjeric\u00e3o, pinh\u00f5es e vinagrete bals\u00e2mico<\/p>","protected":false},"featured_media":0,"template":"","meta":{"_acf_changed":false},"product_brand":[],"product_cat":[2352,2358],"product_tag":[2399],"class_list":{"0":"post-211113","1":"product","2":"type-product","3":"status-publish","5":"product_cat-bukubaki","6":"product_cat-02-saladas-bukubaki","7":"product_tag-vegan","8":"product_shipping_class-casaismestremendo","10":"first","11":"instock","12":"taxable","13":"shipping-taxable","14":"purchasable","15":"product-type-simple"},"acf":[],"_links":{"self":[{"href":"https:\/\/aviate.pt\/en\/wp-json\/wp\/v2\/product\/211113","targetHints":{"allow":["GET"]}}],"collection":[{"href":"https:\/\/aviate.pt\/en\/wp-json\/wp\/v2\/product"}],"about":[{"href":"https:\/\/aviate.pt\/en\/wp-json\/wp\/v2\/types\/product"}],"wp:attachment":[{"href":"https:\/\/aviate.pt\/en\/wp-json\/wp\/v2\/media?parent=211113"}],"wp:term":[{"taxonomy":"product_brand","embeddable":true,"href":"https:\/\/aviate.pt\/en\/wp-json\/wp\/v2\/product_brand?post=211113"},{"taxonomy":"product_cat","embeddable":true,"href":"https:\/\/aviate.pt\/en\/wp-json\/wp\/v2\/product_cat?post=211113"},{"taxonomy":"product_tag","embeddable":true,"href":"https:\/\/aviate.pt\/en\/wp-json\/wp\/v2\/product_tag?post=211113"}],"curies":[{"name":"wp","href":"https:\/\/api.w.org\/{rel}","templated":true}]}}