{"id":210819,"date":"2023-06-20T12:07:46","date_gmt":"2023-06-20T11:07:46","guid":{"rendered":"https:\/\/aviate.pt\/?post_type=product&#038;p=210819"},"modified":"2025-08-25T19:01:46","modified_gmt":"2025-08-25T18:01:46","slug":"caril-de-gambas-e-ananas","status":"publish","type":"product","link":"https:\/\/aviate.pt\/en\/parceiros\/caril-de-gambas-e-ananas\/","title":{"rendered":"Caril de Gambas e Anan\u00e1s"},"content":{"rendered":"","protected":false},"excerpt":{"rendered":"<p>Camar\u00e3o, anan\u00e1s, molho de caril<\/p>","protected":false},"featured_media":210843,"template":"","meta":{"_acf_changed":false},"product_brand":[],"product_cat":[2423,2431],"product_tag":[2398],"class_list":{"0":"post-210819","1":"product","2":"type-product","3":"status-publish","4":"has-post-thumbnail","6":"product_cat-pateo-da-vila","7":"product_cat-03-peixe-pateo-da-vila","8":"product_tag-spicy","9":"product_shipping_class-ferrel","11":"first","12":"instock","13":"taxable","14":"shipping-taxable","15":"purchasable","16":"product-type-simple"},"acf":[],"_links":{"self":[{"href":"https:\/\/aviate.pt\/en\/wp-json\/wp\/v2\/product\/210819","targetHints":{"allow":["GET"]}}],"collection":[{"href":"https:\/\/aviate.pt\/en\/wp-json\/wp\/v2\/product"}],"about":[{"href":"https:\/\/aviate.pt\/en\/wp-json\/wp\/v2\/types\/product"}],"wp:featuredmedia":[{"embeddable":true,"href":"https:\/\/aviate.pt\/en\/wp-json\/wp\/v2\/media\/210843"}],"wp:attachment":[{"href":"https:\/\/aviate.pt\/en\/wp-json\/wp\/v2\/media?parent=210819"}],"wp:term":[{"taxonomy":"product_brand","embeddable":true,"href":"https:\/\/aviate.pt\/en\/wp-json\/wp\/v2\/product_brand?post=210819"},{"taxonomy":"product_cat","embeddable":true,"href":"https:\/\/aviate.pt\/en\/wp-json\/wp\/v2\/product_cat?post=210819"},{"taxonomy":"product_tag","embeddable":true,"href":"https:\/\/aviate.pt\/en\/wp-json\/wp\/v2\/product_tag?post=210819"}],"curies":[{"name":"wp","href":"https:\/\/api.w.org\/{rel}","templated":true}]}}