{"id":210817,"date":"2023-06-20T12:05:16","date_gmt":"2023-06-20T11:05:16","guid":{"rendered":"https:\/\/aviate.pt\/?post_type=product&#038;p=210817"},"modified":"2025-10-31T12:47:25","modified_gmt":"2025-10-31T12:47:25","slug":"acorda-de-gambas","status":"publish","type":"product","link":"https:\/\/aviate.pt\/en\/parceiros\/acorda-de-gambas\/","title":{"rendered":"A\u00e7orda de Gambas"},"content":{"rendered":"","protected":false},"excerpt":{"rendered":"<p>Infus\u00e3o de p\u00e3o com molho de alho, ovos e camar\u00e3o<\/p>\n<p>Dose para duas pessoas<\/p>","protected":false},"featured_media":0,"template":"","meta":{"_acf_changed":false},"product_brand":[],"product_cat":[2423,2431],"product_tag":[],"class_list":{"0":"post-210817","1":"product","2":"type-product","3":"status-publish","5":"product_cat-pateo-da-vila","6":"product_cat-03-peixe-pateo-da-vila","7":"product_shipping_class-ferrel","9":"first","10":"instock","11":"taxable","12":"shipping-taxable","13":"purchasable","14":"product-type-simple"},"acf":[],"_links":{"self":[{"href":"https:\/\/aviate.pt\/en\/wp-json\/wp\/v2\/product\/210817","targetHints":{"allow":["GET"]}}],"collection":[{"href":"https:\/\/aviate.pt\/en\/wp-json\/wp\/v2\/product"}],"about":[{"href":"https:\/\/aviate.pt\/en\/wp-json\/wp\/v2\/types\/product"}],"wp:attachment":[{"href":"https:\/\/aviate.pt\/en\/wp-json\/wp\/v2\/media?parent=210817"}],"wp:term":[{"taxonomy":"product_brand","embeddable":true,"href":"https:\/\/aviate.pt\/en\/wp-json\/wp\/v2\/product_brand?post=210817"},{"taxonomy":"product_cat","embeddable":true,"href":"https:\/\/aviate.pt\/en\/wp-json\/wp\/v2\/product_cat?post=210817"},{"taxonomy":"product_tag","embeddable":true,"href":"https:\/\/aviate.pt\/en\/wp-json\/wp\/v2\/product_tag?post=210817"}],"curies":[{"name":"wp","href":"https:\/\/api.w.org\/{rel}","templated":true}]}}