{"id":210673,"date":"2023-06-19T13:27:17","date_gmt":"2023-06-19T12:27:17","guid":{"rendered":"https:\/\/aviate.pt\/?post_type=product&#038;p=210673"},"modified":"2024-01-12T13:44:43","modified_gmt":"2024-01-12T13:44:43","slug":"francesinha-a-moda-do-porto","status":"publish","type":"product","link":"https:\/\/aviate.pt\/en\/parceiros\/francesinha-a-moda-do-porto\/","title":{"rendered":"Francesinha \u00e0 Moda do Porto"},"content":{"rendered":"","protected":false},"excerpt":{"rendered":"<p>3 Fatias de p\u00e3o, salsicha fresca, chouri\u00e7\u00e3o, carne de vaca, fiambre, queijo, ovo e molho de francesinha.<\/p>\n<p>Served with french fries<\/p>","protected":false},"featured_media":0,"template":"","meta":{"_acf_changed":false},"product_brand":[],"product_cat":[2205,2209],"product_tag":[],"class_list":{"0":"post-210673","1":"product","2":"type-product","3":"status-publish","5":"product_cat-ze-da-moka","6":"product_cat-03-pratos-rapidos-ze-da-moka","7":"product_shipping_class-peniche","9":"first","10":"instock","11":"taxable","12":"shipping-taxable","13":"purchasable","14":"product-type-simple"},"acf":[],"_links":{"self":[{"href":"https:\/\/aviate.pt\/en\/wp-json\/wp\/v2\/product\/210673","targetHints":{"allow":["GET"]}}],"collection":[{"href":"https:\/\/aviate.pt\/en\/wp-json\/wp\/v2\/product"}],"about":[{"href":"https:\/\/aviate.pt\/en\/wp-json\/wp\/v2\/types\/product"}],"wp:attachment":[{"href":"https:\/\/aviate.pt\/en\/wp-json\/wp\/v2\/media?parent=210673"}],"wp:term":[{"taxonomy":"product_brand","embeddable":true,"href":"https:\/\/aviate.pt\/en\/wp-json\/wp\/v2\/product_brand?post=210673"},{"taxonomy":"product_cat","embeddable":true,"href":"https:\/\/aviate.pt\/en\/wp-json\/wp\/v2\/product_cat?post=210673"},{"taxonomy":"product_tag","embeddable":true,"href":"https:\/\/aviate.pt\/en\/wp-json\/wp\/v2\/product_tag?post=210673"}],"curies":[{"name":"wp","href":"https:\/\/api.w.org\/{rel}","templated":true}]}}