{"id":20877,"date":"2020-11-06T14:15:12","date_gmt":"2020-11-06T14:15:12","guid":{"rendered":"https:\/\/aviate.pt\/?post_type=product&#038;p=20877"},"modified":"2026-02-03T18:15:56","modified_gmt":"2026-02-03T18:15:56","slug":"tagliatelli-a-bulhao","status":"publish","type":"product","link":"https:\/\/aviate.pt\/en\/parceiros\/tagliatelli-a-bulhao\/","title":{"rendered":"Tagliatelli \u00e0 Bulh\u00e3o"},"content":{"rendered":"","protected":false},"excerpt":{"rendered":"<p>Salteado com am\u00eaijoas, camar\u00e3o alho e coentros<\/p>\n<p>Dose para 1 pessoa<\/p>","protected":false},"featured_media":20882,"template":"","meta":{"_acf_changed":false},"product_brand":[],"product_cat":[2151,2155],"product_tag":[],"class_list":{"0":"post-20877","1":"product","2":"type-product","3":"status-publish","4":"has-post-thumbnail","6":"product_cat-sardinha","7":"product_cat-02-peixe-sardinha","8":"product_shipping_class-peniche","10":"first","11":"instock","12":"taxable","13":"shipping-taxable","14":"purchasable","15":"product-type-simple"},"acf":[],"_links":{"self":[{"href":"https:\/\/aviate.pt\/en\/wp-json\/wp\/v2\/product\/20877","targetHints":{"allow":["GET"]}}],"collection":[{"href":"https:\/\/aviate.pt\/en\/wp-json\/wp\/v2\/product"}],"about":[{"href":"https:\/\/aviate.pt\/en\/wp-json\/wp\/v2\/types\/product"}],"wp:featuredmedia":[{"embeddable":true,"href":"https:\/\/aviate.pt\/en\/wp-json\/wp\/v2\/media\/20882"}],"wp:attachment":[{"href":"https:\/\/aviate.pt\/en\/wp-json\/wp\/v2\/media?parent=20877"}],"wp:term":[{"taxonomy":"product_brand","embeddable":true,"href":"https:\/\/aviate.pt\/en\/wp-json\/wp\/v2\/product_brand?post=20877"},{"taxonomy":"product_cat","embeddable":true,"href":"https:\/\/aviate.pt\/en\/wp-json\/wp\/v2\/product_cat?post=20877"},{"taxonomy":"product_tag","embeddable":true,"href":"https:\/\/aviate.pt\/en\/wp-json\/wp\/v2\/product_tag?post=20877"}],"curies":[{"name":"wp","href":"https:\/\/api.w.org\/{rel}","templated":true}]}}