{"id":151979,"date":"2022-08-02T18:40:59","date_gmt":"2022-08-02T17:40:59","guid":{"rendered":"https:\/\/aviate.pt\/?post_type=product&#038;p=151979"},"modified":"2026-03-17T12:51:50","modified_gmt":"2026-03-17T12:51:50","slug":"mediterranea-4","status":"publish","type":"product","link":"https:\/\/aviate.pt\/en\/parceiros\/mediterranea-4\/","title":{"rendered":"Mediterr\u00e2nea"},"content":{"rendered":"","protected":false},"excerpt":{"rendered":"<p>Tomates secos da Sic\u00edlia, mozzarella fresca, manjeric\u00e3o e r\u00facula fresca<\/p>","protected":false},"featured_media":216315,"template":"","meta":{"_acf_changed":false},"product_brand":[],"product_cat":[2315,2632],"product_tag":[],"class_list":{"0":"post-151979","1":"product","2":"type-product","3":"status-publish","4":"has-post-thumbnail","6":"product_cat-piadina","7":"product_cat-03-piadinas-vegie-piadina","8":"product_shipping_class-ferrel","10":"first","11":"instock","12":"taxable","13":"shipping-taxable","14":"purchasable","15":"product-type-simple"},"acf":[],"_links":{"self":[{"href":"https:\/\/aviate.pt\/en\/wp-json\/wp\/v2\/product\/151979","targetHints":{"allow":["GET"]}}],"collection":[{"href":"https:\/\/aviate.pt\/en\/wp-json\/wp\/v2\/product"}],"about":[{"href":"https:\/\/aviate.pt\/en\/wp-json\/wp\/v2\/types\/product"}],"wp:featuredmedia":[{"embeddable":true,"href":"https:\/\/aviate.pt\/en\/wp-json\/wp\/v2\/media\/216315"}],"wp:attachment":[{"href":"https:\/\/aviate.pt\/en\/wp-json\/wp\/v2\/media?parent=151979"}],"wp:term":[{"taxonomy":"product_brand","embeddable":true,"href":"https:\/\/aviate.pt\/en\/wp-json\/wp\/v2\/product_brand?post=151979"},{"taxonomy":"product_cat","embeddable":true,"href":"https:\/\/aviate.pt\/en\/wp-json\/wp\/v2\/product_cat?post=151979"},{"taxonomy":"product_tag","embeddable":true,"href":"https:\/\/aviate.pt\/en\/wp-json\/wp\/v2\/product_tag?post=151979"}],"curies":[{"name":"wp","href":"https:\/\/api.w.org\/{rel}","templated":true}]}}