{"id":151974,"date":"2022-08-02T18:39:13","date_gmt":"2022-08-02T17:39:13","guid":{"rendered":"https:\/\/aviate.pt\/?post_type=product&#038;p=151974"},"modified":"2026-03-17T12:51:32","modified_gmt":"2026-03-17T12:51:32","slug":"bologna","status":"publish","type":"product","link":"https:\/\/aviate.pt\/en\/parceiros\/bologna\/","title":{"rendered":"Bologna"},"content":{"rendered":"","protected":false},"excerpt":{"rendered":"<p>Mortadela Italiana Premium, lascas de Parmes\u00e3o tradicional da Emilia-Romagna, r\u00facula fresca e vinagre bals\u00e2mico de Modena<\/p>","protected":false},"featured_media":216317,"template":"","meta":{"_acf_changed":false},"product_brand":[],"product_cat":[2315,2318],"product_tag":[],"class_list":{"0":"post-151974","1":"product","2":"type-product","3":"status-publish","4":"has-post-thumbnail","6":"product_cat-piadina","7":"product_cat-02-piadinas-piadina","8":"product_shipping_class-ferrel","10":"first","11":"instock","12":"taxable","13":"shipping-taxable","14":"purchasable","15":"product-type-simple"},"acf":[],"_links":{"self":[{"href":"https:\/\/aviate.pt\/en\/wp-json\/wp\/v2\/product\/151974","targetHints":{"allow":["GET"]}}],"collection":[{"href":"https:\/\/aviate.pt\/en\/wp-json\/wp\/v2\/product"}],"about":[{"href":"https:\/\/aviate.pt\/en\/wp-json\/wp\/v2\/types\/product"}],"wp:featuredmedia":[{"embeddable":true,"href":"https:\/\/aviate.pt\/en\/wp-json\/wp\/v2\/media\/216317"}],"wp:attachment":[{"href":"https:\/\/aviate.pt\/en\/wp-json\/wp\/v2\/media?parent=151974"}],"wp:term":[{"taxonomy":"product_brand","embeddable":true,"href":"https:\/\/aviate.pt\/en\/wp-json\/wp\/v2\/product_brand?post=151974"},{"taxonomy":"product_cat","embeddable":true,"href":"https:\/\/aviate.pt\/en\/wp-json\/wp\/v2\/product_cat?post=151974"},{"taxonomy":"product_tag","embeddable":true,"href":"https:\/\/aviate.pt\/en\/wp-json\/wp\/v2\/product_tag?post=151974"}],"curies":[{"name":"wp","href":"https:\/\/api.w.org\/{rel}","templated":true}]}}