{"id":135890,"date":"2022-05-12T13:17:00","date_gmt":"2022-05-12T12:17:00","guid":{"rendered":"https:\/\/aviate.pt\/?post_type=product&#038;p=135890"},"modified":"2026-03-26T12:57:46","modified_gmt":"2026-03-26T12:57:46","slug":"pizza-marinara","status":"publish","type":"product","link":"https:\/\/aviate.pt\/en\/parceiros\/pizza-marinara\/","title":{"rendered":"Pizza Marinara"},"content":{"rendered":"","protected":false},"excerpt":{"rendered":"<p>Mexilh\u00e3o, ameijoa, calamares, miolo de camar\u00e3o, del\u00edcias do mar e molho de alho<\/p>","protected":false},"featured_media":136092,"template":"","meta":{"_acf_changed":false},"product_brand":[],"product_cat":[2361,2364],"product_tag":[],"class_list":{"0":"post-135890","1":"product","2":"type-product","3":"status-publish","4":"has-post-thumbnail","6":"product_cat-il-boconne","7":"product_cat-02-pizza","8":"product_shipping_class-peniche","10":"first","11":"instock","12":"taxable","13":"shipping-taxable","14":"purchasable","15":"product-type-variable"},"acf":[],"_links":{"self":[{"href":"https:\/\/aviate.pt\/en\/wp-json\/wp\/v2\/product\/135890","targetHints":{"allow":["GET"]}}],"collection":[{"href":"https:\/\/aviate.pt\/en\/wp-json\/wp\/v2\/product"}],"about":[{"href":"https:\/\/aviate.pt\/en\/wp-json\/wp\/v2\/types\/product"}],"wp:featuredmedia":[{"embeddable":true,"href":"https:\/\/aviate.pt\/en\/wp-json\/wp\/v2\/media\/136092"}],"wp:attachment":[{"href":"https:\/\/aviate.pt\/en\/wp-json\/wp\/v2\/media?parent=135890"}],"wp:term":[{"taxonomy":"product_brand","embeddable":true,"href":"https:\/\/aviate.pt\/en\/wp-json\/wp\/v2\/product_brand?post=135890"},{"taxonomy":"product_cat","embeddable":true,"href":"https:\/\/aviate.pt\/en\/wp-json\/wp\/v2\/product_cat?post=135890"},{"taxonomy":"product_tag","embeddable":true,"href":"https:\/\/aviate.pt\/en\/wp-json\/wp\/v2\/product_tag?post=135890"}],"curies":[{"name":"wp","href":"https:\/\/api.w.org\/{rel}","templated":true}]}}