{"id":135797,"date":"2022-05-12T12:03:01","date_gmt":"2022-05-12T11:03:01","guid":{"rendered":"https:\/\/aviate.pt\/?post_type=product&#038;p=135797"},"modified":"2026-03-26T12:47:43","modified_gmt":"2026-03-26T12:47:43","slug":"spaghetti-frutti-di-mare-2","status":"publish","type":"product","link":"https:\/\/aviate.pt\/en\/parceiros\/spaghetti-frutti-di-mare-2\/","title":{"rendered":"Spaghetti Frutti di Mare"},"content":{"rendered":"","protected":false},"excerpt":{"rendered":"<p>Mexilh\u00e3o, ameijoa, calamares, miolo de camar\u00e3o, del\u00edcias do mar e molho de alho<\/p>","protected":false},"featured_media":0,"template":"","meta":{"_acf_changed":false},"product_brand":[],"product_cat":[2361,2363],"product_tag":[],"class_list":{"0":"post-135797","1":"product","2":"type-product","3":"status-publish","5":"product_cat-il-boconne","6":"product_cat-03-pasta","7":"product_shipping_class-peniche","9":"first","10":"instock","11":"taxable","12":"shipping-taxable","13":"purchasable","14":"product-type-simple"},"acf":[],"_links":{"self":[{"href":"https:\/\/aviate.pt\/en\/wp-json\/wp\/v2\/product\/135797","targetHints":{"allow":["GET"]}}],"collection":[{"href":"https:\/\/aviate.pt\/en\/wp-json\/wp\/v2\/product"}],"about":[{"href":"https:\/\/aviate.pt\/en\/wp-json\/wp\/v2\/types\/product"}],"wp:attachment":[{"href":"https:\/\/aviate.pt\/en\/wp-json\/wp\/v2\/media?parent=135797"}],"wp:term":[{"taxonomy":"product_brand","embeddable":true,"href":"https:\/\/aviate.pt\/en\/wp-json\/wp\/v2\/product_brand?post=135797"},{"taxonomy":"product_cat","embeddable":true,"href":"https:\/\/aviate.pt\/en\/wp-json\/wp\/v2\/product_cat?post=135797"},{"taxonomy":"product_tag","embeddable":true,"href":"https:\/\/aviate.pt\/en\/wp-json\/wp\/v2\/product_tag?post=135797"}],"curies":[{"name":"wp","href":"https:\/\/api.w.org\/{rel}","templated":true}]}}