{"id":128924,"date":"2022-04-05T16:06:54","date_gmt":"2022-04-05T15:06:54","guid":{"rendered":"https:\/\/aviate.pt\/?post_type=product&#038;p=128924"},"modified":"2026-03-25T19:34:39","modified_gmt":"2026-03-25T19:34:39","slug":"hamburguer-quebrado","status":"publish","type":"product","link":"https:\/\/aviate.pt\/en\/parceiros\/hamburguer-quebrado\/","title":{"rendered":"Hamb\u00farguer Quebrado"},"content":{"rendered":"","protected":false},"excerpt":{"rendered":"<p>Hamb\u00farguer de Frango com molho c\u00e9sar em p\u00e3o brioche, alface romana, tomate e bacon<\/p>","protected":false},"featured_media":128955,"template":"","meta":{"_acf_changed":false},"product_brand":[],"product_cat":[2352,2355],"product_tag":[],"class_list":{"0":"post-128924","1":"product","2":"type-product","3":"status-publish","4":"has-post-thumbnail","6":"product_cat-bukubaki","7":"product_cat-05-hamburguer-bukubaki","8":"product_shipping_class-casaismestremendo","10":"first","11":"instock","12":"taxable","13":"shipping-taxable","14":"purchasable","15":"product-type-simple"},"acf":[],"_links":{"self":[{"href":"https:\/\/aviate.pt\/en\/wp-json\/wp\/v2\/product\/128924","targetHints":{"allow":["GET"]}}],"collection":[{"href":"https:\/\/aviate.pt\/en\/wp-json\/wp\/v2\/product"}],"about":[{"href":"https:\/\/aviate.pt\/en\/wp-json\/wp\/v2\/types\/product"}],"wp:featuredmedia":[{"embeddable":true,"href":"https:\/\/aviate.pt\/en\/wp-json\/wp\/v2\/media\/128955"}],"wp:attachment":[{"href":"https:\/\/aviate.pt\/en\/wp-json\/wp\/v2\/media?parent=128924"}],"wp:term":[{"taxonomy":"product_brand","embeddable":true,"href":"https:\/\/aviate.pt\/en\/wp-json\/wp\/v2\/product_brand?post=128924"},{"taxonomy":"product_cat","embeddable":true,"href":"https:\/\/aviate.pt\/en\/wp-json\/wp\/v2\/product_cat?post=128924"},{"taxonomy":"product_tag","embeddable":true,"href":"https:\/\/aviate.pt\/en\/wp-json\/wp\/v2\/product_tag?post=128924"}],"curies":[{"name":"wp","href":"https:\/\/api.w.org\/{rel}","templated":true}]}}