{"id":128920,"date":"2022-04-05T16:04:18","date_gmt":"2022-04-05T15:04:18","guid":{"rendered":"https:\/\/aviate.pt\/?post_type=product&#038;p=128920"},"modified":"2026-03-25T19:36:59","modified_gmt":"2026-03-25T19:36:59","slug":"hamburguer-pico-da-mota","status":"publish","type":"product","link":"https:\/\/aviate.pt\/en\/parceiros\/hamburguer-pico-da-mota\/","title":{"rendered":"Hamb\u00farguer Pico da Mota"},"content":{"rendered":"","protected":false},"excerpt":{"rendered":"<p>Hamb\u00farguer de novilho em p\u00e3o brioche, bacon, queijo, ovo, beterraba, alface, tomate e maionese de ervas<\/p>","protected":false},"featured_media":0,"template":"","meta":{"_acf_changed":false},"product_brand":[],"product_cat":[2352,2355],"product_tag":[],"class_list":{"0":"post-128920","1":"product","2":"type-product","3":"status-publish","5":"product_cat-bukubaki","6":"product_cat-05-hamburguer-bukubaki","7":"product_shipping_class-casaismestremendo","9":"first","10":"instock","11":"taxable","12":"shipping-taxable","13":"purchasable","14":"product-type-simple"},"acf":[],"_links":{"self":[{"href":"https:\/\/aviate.pt\/en\/wp-json\/wp\/v2\/product\/128920","targetHints":{"allow":["GET"]}}],"collection":[{"href":"https:\/\/aviate.pt\/en\/wp-json\/wp\/v2\/product"}],"about":[{"href":"https:\/\/aviate.pt\/en\/wp-json\/wp\/v2\/types\/product"}],"wp:attachment":[{"href":"https:\/\/aviate.pt\/en\/wp-json\/wp\/v2\/media?parent=128920"}],"wp:term":[{"taxonomy":"product_brand","embeddable":true,"href":"https:\/\/aviate.pt\/en\/wp-json\/wp\/v2\/product_brand?post=128920"},{"taxonomy":"product_cat","embeddable":true,"href":"https:\/\/aviate.pt\/en\/wp-json\/wp\/v2\/product_cat?post=128920"},{"taxonomy":"product_tag","embeddable":true,"href":"https:\/\/aviate.pt\/en\/wp-json\/wp\/v2\/product_tag?post=128920"}],"curies":[{"name":"wp","href":"https:\/\/api.w.org\/{rel}","templated":true}]}}