{"id":128918,"date":"2022-04-05T16:03:08","date_gmt":"2022-04-05T15:03:08","guid":{"rendered":"https:\/\/aviate.pt\/?post_type=product&#038;p=128918"},"modified":"2026-03-25T20:27:06","modified_gmt":"2026-03-25T20:27:06","slug":"hamburguer-supertubos","status":"publish","type":"product","link":"https:\/\/aviate.pt\/en\/parceiros\/hamburguer-supertubos\/","title":{"rendered":"Hamb\u00farguer Supertubos"},"content":{"rendered":"","protected":false},"excerpt":{"rendered":"<p>Hamb\u00farguer de Novilho em bolo do caco com queijo brie, chutney de cebola roxa, r\u00facula e maionese<\/p>","protected":false},"featured_media":128956,"template":"","meta":{"_acf_changed":false},"product_brand":[],"product_cat":[2352,2355],"product_tag":[],"class_list":{"0":"post-128918","1":"product","2":"type-product","3":"status-publish","4":"has-post-thumbnail","6":"product_cat-bukubaki","7":"product_cat-05-hamburguer-bukubaki","8":"product_shipping_class-casaismestremendo","10":"first","11":"instock","12":"taxable","13":"shipping-taxable","14":"purchasable","15":"product-type-simple"},"acf":[],"_links":{"self":[{"href":"https:\/\/aviate.pt\/en\/wp-json\/wp\/v2\/product\/128918","targetHints":{"allow":["GET"]}}],"collection":[{"href":"https:\/\/aviate.pt\/en\/wp-json\/wp\/v2\/product"}],"about":[{"href":"https:\/\/aviate.pt\/en\/wp-json\/wp\/v2\/types\/product"}],"wp:featuredmedia":[{"embeddable":true,"href":"https:\/\/aviate.pt\/en\/wp-json\/wp\/v2\/media\/128956"}],"wp:attachment":[{"href":"https:\/\/aviate.pt\/en\/wp-json\/wp\/v2\/media?parent=128918"}],"wp:term":[{"taxonomy":"product_brand","embeddable":true,"href":"https:\/\/aviate.pt\/en\/wp-json\/wp\/v2\/product_brand?post=128918"},{"taxonomy":"product_cat","embeddable":true,"href":"https:\/\/aviate.pt\/en\/wp-json\/wp\/v2\/product_cat?post=128918"},{"taxonomy":"product_tag","embeddable":true,"href":"https:\/\/aviate.pt\/en\/wp-json\/wp\/v2\/product_tag?post=128918"}],"curies":[{"name":"wp","href":"https:\/\/api.w.org\/{rel}","templated":true}]}}