{"id":17359,"date":"2020-09-15T10:17:19","date_gmt":"2020-09-15T10:17:19","guid":{"rendered":"https:\/\/aviate.pt\/?page_id=17359"},"modified":"2025-08-16T18:34:24","modified_gmt":"2025-08-16T17:34:24","slug":"nao-parceiros","status":"publish","type":"page","link":"https:\/\/aviate.pt\/en\/nao-parceiros\/","title":{"rendered":"Non partners"},"content":{"rendered":"\n<div class=\"row\"  id=\"row-1473294888\">\n\n\n\t<div id=\"col-547859639\" class=\"col small-12 large-12\"  >\n\t\t\t\t<div class=\"col-inner\"  >\n\t\t\t\n\t\t\t\n\n<h3>Diz-nos o que precisas!<\/h3>\n<p>N\u00e3o encontras o parceiro? Preenche o formul\u00e1rio abaixo com o que precisas que n\u00f3s aviamos!<\/p>\n<p>O custo de entrega dentro da localidade s\u00e3o <strong>6,5<\/strong> <strong>\u20ac<\/strong>. Fora da localidade, ter\u00e1s uma taxa complementar que podes consultar entrando em contacto connosco.<\/p>\n<p>O hor\u00e1rio de entrega \u00e9 durante as<strong> 12.15h &#8211; 14.30h e 19.15h &#8211; 22.15h<\/strong>. O\u00a0pagamento \u00e9 feito no ato de entrega.<\/p>\n<div class=\"caldera-grid\" id=\"caldera_form_1\" data-cf-ver=\"1.9.7\" data-cf-form-id=\"CF5f60947c95a33\"><div id=\"caldera_notices_1\" data-spinner=\"https:\/\/aviate.pt\/wp-admin\/images\/spinner.gif\"><\/div><form data-instance=\"1\" class=\"CF5f60947c95a33 caldera_forms_form cfajax-trigger\" method=\"POST\" enctype=\"multipart\/form-data\" id=\"CF5f60947c95a33_1\" data-form-id=\"CF5f60947c95a33\" aria-label=\"N&atilde;o Parceiros\" data-target=\"#caldera_notices_1\" data-template=\"#cfajax_CF5f60947c95a33-tmpl\" data-cfajax=\"CF5f60947c95a33\" data-load-element=\"_parent\" data-load-class=\"cf_processing\" data-post-disable=\"0\" data-action=\"cf_process_ajax_submit\" data-request=\"https:\/\/aviate.pt\/en\/cf-api\/CF5f60947c95a33\" data-hiderows=\"true\">\r\n<input type=\"hidden\" id=\"_cf_verify_CF5f60947c95a33\" name=\"_cf_verify\" value=\"37e6e46cb5\"  data-nonce-time=\"1777370238\" \/><input type=\"hidden\" name=\"_wp_http_referer\" value=\"\/en\/wp-json\/wp\/v2\/pages\/17359\" \/><div id=\"cf2-CF5f60947c95a33_1\"><\/div><input type=\"hidden\" name=\"_cf_frm_id\" value=\"CF5f60947c95a33\">\r\n<input type=\"hidden\" name=\"_cf_frm_ct\" value=\"1\">\r\n<input type=\"hidden\" name=\"cfajax\" value=\"CF5f60947c95a33\">\r\n<input type=\"hidden\" name=\"_cf_cr_pst\" value=\"17359\">\r\n<div class=\"hide\" style=\"display:none; overflow:hidden;height:0;width:0;\">\r\n<label>Web Site<\/label><input type=\"text\" name=\"web_site\" value=\"\" autocomplete=\"off\">\r\n<\/div><div id=\"CF5f60947c95a33_1-row-1\"  class=\"row  single\"><div  class=\"col-sm-6  first_col\"><div data-field-wrapper=\"fld_9532413\" class=\"form-group\" id=\"fld_9532413_1-wrap\">\r\n\t<label id=\"fld_9532413Label\" for=\"fld_9532413_1\" class=\"control-label\">Nome e Apelido <span aria-hidden=\"true\" role=\"presentation\" class=\"field_required\" style=\"color:#ee0000;\">*<\/span><\/label>\r\n\t<div class=\"\">\r\n\t\t<input   required type=\"text\" data-field=\"fld_9532413\" class=\" form-control\" id=\"fld_9532413_1\" name=\"fld_9532413\" value=\"\" data-type=\"text\" aria-required=\"true\"   aria-labelledby=\"fld_9532413Label\" >\t\t\t<\/div>\r\n<\/div>\r\n<div data-field-wrapper=\"fld_6537822\" class=\"form-group\" id=\"fld_6537822_1-wrap\">\r\n\t<label id=\"fld_6537822Label\" for=\"fld_6537822_1\" class=\"control-label\">Email <span aria-hidden=\"true\" role=\"presentation\" class=\"field_required\" style=\"color:#ee0000;\">*<\/span><\/label>\r\n\t<div class=\"\">\r\n\t\t<input   required type=\"text\" data-field=\"fld_6537822\" class=\" form-control\" id=\"fld_6537822_1\" name=\"fld_6537822\" value=\"\" data-type=\"text\" aria-required=\"true\"   aria-labelledby=\"fld_6537822Label\" >\t\t\t<\/div>\r\n<\/div>\r\n<div data-field-wrapper=\"fld_6954996\" class=\"form-group\" id=\"fld_6954996_1-wrap\">\r\n\t<label id=\"fld_6954996Label\" for=\"fld_6954996_1\" class=\"control-label\">Telefone <span aria-hidden=\"true\" role=\"presentation\" class=\"field_required\" style=\"color:#ee0000;\">*<\/span><\/label>\r\n\t<div class=\"\">\r\n\t\t<input   required type=\"text\" data-field=\"fld_6954996\" class=\" form-control\" id=\"fld_6954996_1\" name=\"fld_6954996\" value=\"\" data-type=\"text\" aria-required=\"true\"   aria-labelledby=\"fld_6954996Label\" >\t\t\t<\/div>\r\n<\/div>\r\n<div data-field-wrapper=\"fld_4109650\" class=\"form-group\" id=\"fld_4109650_1-wrap\">\r\n\t<label id=\"fld_4109650Label\" for=\"fld_4109650_1\" class=\"control-label\">Localidade <span aria-hidden=\"true\" role=\"presentation\" class=\"field_required\" style=\"color:#ee0000;\">*<\/span><\/label>\r\n\t<div class=\"\">\r\n\t\t<input   required type=\"text\" data-field=\"fld_4109650\" class=\" form-control\" id=\"fld_4109650_1\" name=\"fld_4109650\" value=\"\" data-type=\"text\" aria-required=\"true\"   aria-labelledby=\"fld_4109650Label\" >\t\t\t<\/div>\r\n<\/div>\r\n<div data-field-wrapper=\"fld_7350674\" class=\"form-group\" id=\"fld_7350674_1-wrap\">\r\n\t<label id=\"fld_7350674Label\" for=\"fld_7350674_1\" class=\"control-label\">Morada <span aria-hidden=\"true\" role=\"presentation\" class=\"field_required\" style=\"color:#ee0000;\">*<\/span><\/label>\r\n\t<div class=\"\">\r\n\t\t<input   required type=\"text\" data-field=\"fld_7350674\" class=\" form-control\" id=\"fld_7350674_1\" name=\"fld_7350674\" value=\"\" data-type=\"text\" aria-required=\"true\"   aria-labelledby=\"fld_7350674Label\" >\t\t\t<\/div>\r\n<\/div>\r\n<\/div><div  class=\"col-sm-6  last_col\"><div data-field-wrapper=\"fld_3186634\" class=\"form-group\" id=\"fld_3186634_1-wrap\">\r\n\t<label id=\"fld_3186634Label\" for=\"fld_3186634_1\" class=\"control-label\">C\u00f3digo Postal <span aria-hidden=\"true\" role=\"presentation\" class=\"field_required\" style=\"color:#ee0000;\">*<\/span><\/label>\r\n\t<div class=\"\">\r\n\t\t<input   required type=\"text\" data-field=\"fld_3186634\" class=\" form-control\" id=\"fld_3186634_1\" name=\"fld_3186634\" value=\"\" data-type=\"text\" aria-required=\"true\"   aria-labelledby=\"fld_3186634Label\" >\t\t\t<\/div>\r\n<\/div>\r\n<div data-field-wrapper=\"fld_918951\" class=\"form-group\" id=\"fld_918951_1-wrap\">\r\n\t<label id=\"fld_918951Label\" for=\"fld_918951_1\" class=\"control-label\">A tua mensagem <span aria-hidden=\"true\" role=\"presentation\" class=\"field_required\" style=\"color:#ee0000;\">*<\/span><\/label>\r\n\t<div class=\"\">\r\n\t\t<textarea name=\"fld_918951\" value=\"\" data-field=\"fld_918951\" class=\"form-control\" id=\"fld_918951_1\" rows=\"4\"  required=\"required\"  aria-labelledby=\"fld_918951Label\" ><\/textarea>\n\t\t\t<\/div>\r\n<\/div>\r\n<div data-field-wrapper=\"fld_8245967\" class=\"form-group\" id=\"fld_8245967_1-wrap\">\r\n\t<label id=\"fld_8245967Label\" for=\"fld_8245967_1\" class=\"control-label screen-reader-text sr-only\">Declaro<\/label>\r\n\t<div class=\"\">\r\n\t\t\t\t\t\t\n                <label  class=\"checkbox-inline\"                        for=\"fld_8245967_1_opt1168200\"\n                >\n                            <input\n                                data-parsley-required=\"true\" data-parsley-group=\"fld_8245967_1\" data-parsley-multiple=\"fld_8245967_1\"                                type=\"checkbox\"\n                                data-label=\"Autorizo a recolha e tratamento dos meus dados de acordo com esta pol\u00edtica de privacidade.\"\n                                data-field=\"fld_8245967\"\n                                id=\"fld_8245967_1_opt1168200\"\n                                class=\"fld_8245967_1 option-required\"\n                                name=\"fld_8245967[opt1168200]\"\n                                value=\"Autorizo a recolha e tratamento dos meus dados de acordo com esta pol\u00edtica de privacidade.\"\n                                                                data-type=\"checkbox\"\n                                data-checkbox-field=\"fld_8245967_1\"\n                                                                data-calc-value=\"Autorizo a recolha e tratamento dos meus dados de acordo com esta pol\u00edtica de privacidade.\"\n                            >\n                    Autorizo a recolha e tratamento dos meus dados de acordo com esta pol\u00edtica de privacidade.                <\/label>\n\n                \t\t\t\t\t\t\t<\/div>\r\n<\/div>\r\n<div data-field-wrapper=\"fld_7146425\" class=\"form-group\" id=\"fld_7146425_1-wrap\">\r\n<div class=\"\">\r\n\t<input  class=\"#a51027\" type=\"submit\" name=\"fld_7146425\" id=\"fld_7146425_1\" value=\"Submeter\" data-field=\"fld_7146425\"  >\n<\/div>\r\n<\/div>\r\n\t<input class=\"button_trigger_1\" type=\"hidden\" name=\"fld_7146425\" id=\"fld_7146425_1_btn\" value=\"\" data-field=\"fld_7146425\"  \/>\n<\/div><\/div><\/form>\r\n<\/div>\r\n\n\n\t\t<\/div>\n\t\t\t\t\t<\/div>\n\n\t\n\n\n<style>\n#row-1473294888 > .col > .col-inner {\n  padding: 30px 0px 0px 0px;\n}\n<\/style>\n<\/div>\n\n","protected":false},"excerpt":{"rendered":"","protected":false},"author":1,"featured_media":0,"parent":0,"menu_order":0,"comment_status":"closed","ping_status":"closed","template":"","meta":{"_acf_changed":false,"footnotes":""},"class_list":["post-17359","page","type-page","status-publish","hentry"],"acf":[],"_links":{"self":[{"href":"https:\/\/aviate.pt\/en\/wp-json\/wp\/v2\/pages\/17359","targetHints":{"allow":["GET"]}}],"collection":[{"href":"https:\/\/aviate.pt\/en\/wp-json\/wp\/v2\/pages"}],"about":[{"href":"https:\/\/aviate.pt\/en\/wp-json\/wp\/v2\/types\/page"}],"author":[{"embeddable":true,"href":"https:\/\/aviate.pt\/en\/wp-json\/wp\/v2\/users\/1"}],"replies":[{"embeddable":true,"href":"https:\/\/aviate.pt\/en\/wp-json\/wp\/v2\/comments?post=17359"}],"version-history":[{"count":5,"href":"https:\/\/aviate.pt\/en\/wp-json\/wp\/v2\/pages\/17359\/revisions"}],"predecessor-version":[{"id":257505,"href":"https:\/\/aviate.pt\/en\/wp-json\/wp\/v2\/pages\/17359\/revisions\/257505"}],"wp:attachment":[{"href":"https:\/\/aviate.pt\/en\/wp-json\/wp\/v2\/media?parent=17359"}],"curies":[{"name":"wp","href":"https:\/\/api.w.org\/{rel}","templated":true}]}}